{"id":1733,"date":"2023-10-17T12:03:31","date_gmt":"2023-10-17T10:03:31","guid":{"rendered":"https:\/\/www.fadura.eus\/goi-mailako-zikloak\/tecnico-a-superior-en-programacion-de-la-produccion-en-fabricacion-mecanica\/"},"modified":"2026-03-13T14:53:07","modified_gmt":"2026-03-13T12:53:07","slug":"fabrikazio-mekanikoko-produkzioa-programatzeko-goi-mailako-teknikaria","status":"publish","type":"page","link":"https:\/\/www.fadura.eus\/eu\/goi-mailako-zikloak\/fabrikazio-mekanikoko-produkzioa-programatzeko-goi-mailako-teknikaria\/","title":{"rendered":"Fabrikazio mekanikoko produkzioa programatzeko goi-mailako teknikaria"},"content":{"rendered":"<p><b>\u00bf Qu\u00e9 voy a aprender ? <\/b><\/p>\n<p>Planificar, programar y controlar la fabricaci\u00f3n por mecanizado y montaje de bienes de equipo, partiendo de las especificaciones de los productos a fabricar, asegurando la calidad de la gesti\u00f3n y de los productos, as\u00ed como la supervisi\u00f3n de los sistemas de prevenci\u00f3n de riesgos laborales y protecci\u00f3n ambiental.<\/p>\n<p><strong>Familia profesional:<\/strong> Fabricaci\u00f3n mec\u00e1nica &#8211; FME<\/p>\n<p><strong>D<\/strong><b>uraci\u00f3n total:<\/b> 2000h<\/p>\n<p><strong>Modelo:<\/strong> <a href=\"https:\/\/www.fadura.eus\/index.php\/modelos-linguisticos\/\">A<\/a><\/p>\n<style>\/*! elementor - v3.16.0 - 09-10-2023 *\/<br \/>.elementor-widget-tabs.elementor-tabs-view-vertical .elementor-tabs-wrapper{width:25%;flex-shrink:0}.elementor-widget-tabs.elementor-tabs-view-vertical .elementor-tab-desktop-title.elementor-active{border-right-style:none}.elementor-widget-tabs.elementor-tabs-view-vertical .elementor-tab-desktop-title.elementor-active:after,.elementor-widget-tabs.elementor-tabs-view-vertical .elementor-tab-desktop-title.elementor-active:before{height:999em;width:0;right:0;border-right-style:solid}.elementor-widget-tabs.elementor-tabs-view-vertical .elementor-tab-desktop-title.elementor-active:before{top:0;transform:translateY(-100%)}.elementor-widget-tabs.elementor-tabs-view-vertical .elementor-tab-desktop-title.elementor-active:after{top:100%}.elementor-widget-tabs.elementor-tabs-view-horizontal .elementor-tab-desktop-title{display:table-cell}.elementor-widget-tabs.elementor-tabs-view-horizontal .elementor-tab-desktop-title.elementor-active{border-bottom-style:none}.elementor-widget-tabs.elementor-tabs-view-horizontal .elementor-tab-desktop-title.elementor-active:after,.elementor-widget-tabs.elementor-tabs-view-horizontal .elementor-tab-desktop-title.elementor-active:before{bottom:0;height:0;width:999em;border-bottom-style:solid}.elementor-widget-tabs.elementor-tabs-view-horizontal .elementor-tab-desktop-title.elementor-active:before{right:100%}.elementor-widget-tabs.elementor-tabs-view-horizontal .elementor-tab-desktop-title.elementor-active:after{left:100%}.elementor-widget-tabs .elementor-tab-content,.elementor-widget-tabs .elementor-tab-title,.elementor-widget-tabs .elementor-tab-title:after,.elementor-widget-tabs .elementor-tab-title:before,.elementor-widget-tabs .elementor-tabs-content-wrapper{border:1px #d5d8dc}.elementor-widget-tabs .elementor-tabs{text-align:left}.elementor-widget-tabs .elementor-tabs-wrapper{overflow:hidden}.elementor-widget-tabs .elementor-tab-title{cursor:pointer;outline:var(--focus-outline,none)}.elementor-widget-tabs .elementor-tab-desktop-title{position:relative;padding:20px 25px;font-weight:700;line-height:1;border:solid transparent}.elementor-widget-tabs .elementor-tab-desktop-title.elementor-active{border-color:#d5d8dc}.elementor-widget-tabs .elementor-tab-desktop-title.elementor-active:after,.elementor-widget-tabs .elementor-tab-desktop-title.elementor-active:before{display:block;content:\"\";position:absolute}.elementor-widget-tabs .elementor-tab-desktop-title:focus-visible{border:1px solid #000}.elementor-widget-tabs .elementor-tab-mobile-title{padding:10px;cursor:pointer}.elementor-widget-tabs .elementor-tab-content{padding:20px;display:none}@media (max-width:767px){.elementor-tabs .elementor-tab-content,.elementor-tabs .elementor-tab-title{border-style:solid solid none}.elementor-tabs .elementor-tabs-wrapper{display:none}.elementor-tabs .elementor-tabs-content-wrapper{border-bottom-style:solid}.elementor-tabs .elementor-tab-content{padding:10px}}@media (min-width:768px){.elementor-widget-tabs.elementor-tabs-view-vertical .elementor-tabs{display:flex}.elementor-widget-tabs.elementor-tabs-view-vertical .elementor-tabs-wrapper{flex-direction:column}.elementor-widget-tabs.elementor-tabs-view-vertical .elementor-tabs-content-wrapper{flex-grow:1;border-style:solid solid solid none}.elementor-widget-tabs.elementor-tabs-view-horizontal .elementor-tab-content{border-style:none solid solid}.elementor-widget-tabs.elementor-tabs-alignment-center .elementor-tabs-wrapper,.elementor-widget-tabs.elementor-tabs-alignment-end .elementor-tabs-wrapper,.elementor-widget-tabs.elementor-tabs-alignment-stretch .elementor-tabs-wrapper{display:flex}.elementor-widget-tabs.elementor-tabs-alignment-center .elementor-tabs-wrapper{justify-content:center}.elementor-widget-tabs.elementor-tabs-alignment-end .elementor-tabs-wrapper{justify-content:flex-end}.elementor-widget-tabs.elementor-tabs-alignment-stretch.elementor-tabs-view-horizontal .elementor-tab-title{width:100%}.elementor-widget-tabs.elementor-tabs-alignment-stretch.elementor-tabs-view-vertical .elementor-tab-title{height:100%}.elementor-tabs .elementor-tab-mobile-title{display:none}}<\/style>\n<p>PLAN DE FORMACI\u00d3N<br \/>\nREQUISITOS DE ACCESO<br \/>\n\u00bf Y AL FINALIZAR MIS ESTUDIOS ?<br \/>\nHABILIDADES ADQUIRIDAS<br \/>\nSALIDAS<br \/>\nPLAN DE FORMACI\u00d3N<\/p>\n<p><strong>Los m\u00f3dulos profesionales de este ciclo formativo son:<\/strong><\/p>\n<ul>\n<li>Interpretaci\u00f3n gr\u00e1fica. (132h)<\/li>\n<li>Definici\u00f3n de procesos de mecanizado, conformado y montaje. (231h)<\/li>\n<li>Mecanizado por control num\u00e9rico. (240h)<\/li>\n<li>Fabricaci\u00f3n asistida por ordenador (CAM). (40h)<\/li>\n<li>Programaci\u00f3n de sistemas autom\u00e1ticos de fabricaci\u00f3n mec\u00e1nica. (100h)<\/li>\n<li>Programaci\u00f3n de la producci\u00f3n. (120h)<\/li>\n<li>Ejecuci\u00f3n de procesos de fabricaci\u00f3n. (198h)<\/li>\n<li>Gesti\u00f3n de la calidad, prevenci\u00f3n de riesgos laborales y protecci\u00f3n ambiental. (165h)<\/li>\n<li>Verificaci\u00f3n de productos. (165h)<\/li>\n<li>Proyecto de fabricaci\u00f3n de productos mec\u00e1nicos. (50h)<\/li>\n<li>Ingl\u00e9s t\u00e9cnico. (40h)<\/li>\n<li>Formaci\u00f3n y orientaci\u00f3n laboral. (99h)<\/li>\n<li>Empresa e iniciativa emprendedora. (60h)<\/li>\n<li>Formaci\u00f3n en centros de trabajo. (360h)<\/li>\n<\/ul>\n<p>REQUISITOS DE ACCESO<\/p>\n<p><strong>El acceso a los ciclos o m\u00f3dulos de Grado Superior requiere el cumplimiento de alguna de las siguientes condiciones:<\/strong><\/p>\n<ul>\n<li>Estar en posesi\u00f3n del t\u00edtulo de Bachiller establecido conforme la Ley Org\u00e1nica 2\/2006, de 3 de mayo, de Educaci\u00f3n.<\/li>\n<li>Estar en posesi\u00f3n del t\u00edtulo de T\u00e9cnico o T\u00e9cnico superior de Formaci\u00f3n Profesional.<\/li>\n<li>Certificado acreditativo de haber superado todas las materias de Bachillerato.<\/li>\n<li>Tener superada una prueba de acceso a ciclos formativos de grado superior por la opci\u00f3n correspondiente a la familia profesional del ciclo al que se desea acceder.<\/li>\n<li>Estar en posesi\u00f3n del t\u00edtulo de Bachiller establecido conforme la Ley Org\u00e1nica 1\/1990, de 3 de octubre, de Ordenaci\u00f3n General del Sistema Educativo.<\/li>\n<li>Estar en posesi\u00f3n del t\u00edtulo de Bachiller expedido tras cursar el antiguo Bachillerato Unificado Polivalente (BUP).<\/li>\n<li>Estar en posesi\u00f3n del t\u00edtulo de T\u00e9cnico especialista.<\/li>\n<li>Estar en posesi\u00f3n de un t\u00edtulo universitario.<\/li>\n<li>Tener superado el Curso de Orientaci\u00f3n Universitaria (COU) o preuniversitaria.<\/li>\n<li>Tener superada la prueba de acceso a la Universidad para mayores de 25 a\u00f1os.<\/li>\n<li>Haber superado el 2\u00ba curso de alguna modalidad del Bachillerato Experimental.<\/li>\n<li>Certificado de homologaci\u00f3n de estudios extranjeros con alguno de los t\u00edtulos relacionados anteriormente.<\/li>\n<\/ul>\n<p>\u00bf Y AL FINALIZAR MIS ESTUDIOS ?<\/p>\n<p><strong>Trabajar en:<\/strong><\/p>\n<ul>\n<li>En industrias transformadoras de metales relacionadas con los subsectores de construcci\u00f3n de maquinaria y equipo mec\u00e1nico, de material y equipo el\u00e9ctrico electr\u00f3nico y \u00f3ptico, y de material de transporte encuadrado en el sector industrial.<\/li>\n<\/ul>\n<p><strong>Seguir estudiando:<\/strong><\/p>\n<ul>\n<li>Cursos de especializaci\u00f3n profesional.<\/li>\n<li>Otro Ciclo de Formaci\u00f3n Profesional de Grado Superior con la posibilidad de establecer convalidaciones de m\u00f3dulos profesionales de acuerdo a la normativa vigente.<\/li>\n<li>Ense\u00f1anzas Universitarias con la posibilidad de establecer convalidaciones de acuerdo con la normativa vigente.<\/li>\n<\/ul>\n<p>HABILIDADES ADQUIRIDAS<\/p>\n<p><strong>Este profesional ser\u00e1 capaz de:<\/strong><\/p>\n<ul>\n<li>Elaborar los procedimientos de montaje de bienes de equipo.<\/li>\n<li>Determinar los procesos de mecanizado.<\/li>\n<li>Supervisar la programaci\u00f3n y puesta a punto de las m\u00e1quinas de control num\u00e9rico, robots y manipuladores para el mecanizado.<\/li>\n<li>Programar la producci\u00f3n utilizando t\u00e9cnicas y herramientas de gesti\u00f3n informatizada.<\/li>\n<li>Determinar el aprovisionamiento necesario.<\/li>\n<li>Asegurar que los procesos de fabricaci\u00f3n se ajustan a los procedimientos establecidos.<\/li>\n<li>Gestionar el mantenimiento de los recursos de mi \u00e1rea.<\/li>\n<\/ul>\n<p>Estas ense\u00f1anzas incluyen los conocimientos necesarios para llevar a cabo las actividades de nivel b\u00e1sico de prevenci\u00f3n de riesgos laborales.<\/p>\n<p>SALIDAS<\/p>\n<p><strong>Las ocupaciones y puestos de trabajo m\u00e1s relevantes son:<\/strong><\/p>\n<ul>\n<li>T\u00e9cnica o T\u00e9cnico en mec\u00e1nica.<\/li>\n<li>Encargada o Encargado de instalaciones de procesamiento de metales.<\/li>\n<li>Encargada o Encargado de operadores de m\u00e1quinas para trabajar metales.<\/li>\n<li>Encargada o Encargado de montadores.<\/li>\n<li>Programadora o Programador de CNC.<\/li>\n<li>Programadora o Programador de sistemas automatizados en fabricaci\u00f3n mec\u00e1nica.<\/li>\n<li>Programadora o Programador de la producci\u00f3n.<\/li>\n<\/ul>\n<style>\/*! elementor - v3.16.0 - 09-10-2023 *\/<br \/>.elementor-heading-title{padding:0;margin:0;line-height:1}.elementor-widget-heading .elementor-heading-title[class*=elementor-size-]>a{color:inherit;font-size:inherit;line-height:inherit}.elementor-widget-heading .elementor-heading-title.elementor-size-small{font-size:15px}.elementor-widget-heading .elementor-heading-title.elementor-size-medium{font-size:19px}.elementor-widget-heading .elementor-heading-title.elementor-size-large{font-size:29px}.elementor-widget-heading .elementor-heading-title.elementor-size-xl{font-size:39px}.elementor-widget-heading .elementor-heading-title.elementor-size-xxl{font-size:59px}<\/style>\n<h4>M\u00e1s informaci\u00f3n<\/h4>\n<p>* &#8211; Campos obligatorios<\/p>\n","protected":false},"excerpt":{"rendered":"<p>\u00bf Qu\u00e9 voy a aprender ? Planificar, programar y controlar la fabricaci\u00f3n por mecanizado y montaje de bienes de equipo, partiendo de las especificaciones de los productos a fabricar, asegurando la calidad de la gesti\u00f3n y de los productos, as\u00ed como la supervisi\u00f3n de los sistemas de prevenci\u00f3n de riesgos laborales y protecci\u00f3n ambiental. Familia [&hellip;]<\/p>\n","protected":false},"author":1,"featured_media":1455,"parent":1667,"menu_order":0,"comment_status":"closed","ping_status":"closed","template":"ciclos-formativos.php","meta":{"footnotes":""},"categories":[23],"class_list":["post-1733","page","type-page","status-publish","has-post-thumbnail","hentry","category-fabricacion-mecanica-eu"],"acf":[],"_links":{"self":[{"href":"https:\/\/www.fadura.eus\/eu\/wp-json\/wp\/v2\/pages\/1733","targetHints":{"allow":["GET"]}}],"collection":[{"href":"https:\/\/www.fadura.eus\/eu\/wp-json\/wp\/v2\/pages"}],"about":[{"href":"https:\/\/www.fadura.eus\/eu\/wp-json\/wp\/v2\/types\/page"}],"author":[{"embeddable":true,"href":"https:\/\/www.fadura.eus\/eu\/wp-json\/wp\/v2\/users\/1"}],"replies":[{"embeddable":true,"href":"https:\/\/www.fadura.eus\/eu\/wp-json\/wp\/v2\/comments?post=1733"}],"version-history":[{"count":4,"href":"https:\/\/www.fadura.eus\/eu\/wp-json\/wp\/v2\/pages\/1733\/revisions"}],"predecessor-version":[{"id":3082,"href":"https:\/\/www.fadura.eus\/eu\/wp-json\/wp\/v2\/pages\/1733\/revisions\/3082"}],"up":[{"embeddable":true,"href":"https:\/\/www.fadura.eus\/eu\/wp-json\/wp\/v2\/pages\/1667"}],"wp:featuredmedia":[{"embeddable":true,"href":"https:\/\/www.fadura.eus\/eu\/wp-json\/wp\/v2\/media\/1455"}],"wp:attachment":[{"href":"https:\/\/www.fadura.eus\/eu\/wp-json\/wp\/v2\/media?parent=1733"}],"wp:term":[{"taxonomy":"category","embeddable":true,"href":"https:\/\/www.fadura.eus\/eu\/wp-json\/wp\/v2\/categories?post=1733"}],"curies":[{"name":"wp","href":"https:\/\/api.w.org\/{rel}","templated":true}]}}