{"id":1731,"date":"2023-10-17T12:43:04","date_gmt":"2023-10-17T10:43:04","guid":{"rendered":"https:\/\/www.fadura.eus\/goi-mailako-zikloak\/tecnico-a-superior-en-educacion-infantil\/"},"modified":"2026-03-13T15:04:31","modified_gmt":"2026-03-13T13:04:31","slug":"haur-hezkuntzako-goi-mailako-teknikaria","status":"publish","type":"page","link":"https:\/\/www.fadura.eus\/eu\/goi-mailako-zikloak\/haur-hezkuntzako-goi-mailako-teknikaria\/","title":{"rendered":"Haur hezkuntzako goi-mailako teknikaria"},"content":{"rendered":"<p><b>\u00bf Qu\u00e9 voy a aprender ? <\/b><\/p>\n<p>Dise\u00f1ar, aplicar y evaluar proyectos educativos para primer ciclo de educaci\u00f3n infantil.<\/p>\n<p><strong>Familia profesional:<\/strong> Servicios socioculturales y a la comunidad.<\/p>\n<p><strong>D<\/strong><b>uraci\u00f3n total:<\/b> 2000h<\/p>\n<p><strong>Modelo:<\/strong> <a href=\"https:\/\/www.fadura.eus\/index.php\/modelos-linguisticos\/\">D<\/a><\/p>\n<style>\/*! elementor - v3.16.0 - 09-10-2023 *\/<br \/>.elementor-widget-tabs.elementor-tabs-view-vertical .elementor-tabs-wrapper{width:25%;flex-shrink:0}.elementor-widget-tabs.elementor-tabs-view-vertical .elementor-tab-desktop-title.elementor-active{border-right-style:none}.elementor-widget-tabs.elementor-tabs-view-vertical .elementor-tab-desktop-title.elementor-active:after,.elementor-widget-tabs.elementor-tabs-view-vertical .elementor-tab-desktop-title.elementor-active:before{height:999em;width:0;right:0;border-right-style:solid}.elementor-widget-tabs.elementor-tabs-view-vertical .elementor-tab-desktop-title.elementor-active:before{top:0;transform:translateY(-100%)}.elementor-widget-tabs.elementor-tabs-view-vertical .elementor-tab-desktop-title.elementor-active:after{top:100%}.elementor-widget-tabs.elementor-tabs-view-horizontal .elementor-tab-desktop-title{display:table-cell}.elementor-widget-tabs.elementor-tabs-view-horizontal .elementor-tab-desktop-title.elementor-active{border-bottom-style:none}.elementor-widget-tabs.elementor-tabs-view-horizontal .elementor-tab-desktop-title.elementor-active:after,.elementor-widget-tabs.elementor-tabs-view-horizontal .elementor-tab-desktop-title.elementor-active:before{bottom:0;height:0;width:999em;border-bottom-style:solid}.elementor-widget-tabs.elementor-tabs-view-horizontal .elementor-tab-desktop-title.elementor-active:before{right:100%}.elementor-widget-tabs.elementor-tabs-view-horizontal .elementor-tab-desktop-title.elementor-active:after{left:100%}.elementor-widget-tabs .elementor-tab-content,.elementor-widget-tabs .elementor-tab-title,.elementor-widget-tabs .elementor-tab-title:after,.elementor-widget-tabs .elementor-tab-title:before,.elementor-widget-tabs .elementor-tabs-content-wrapper{border:1px #d5d8dc}.elementor-widget-tabs .elementor-tabs{text-align:left}.elementor-widget-tabs .elementor-tabs-wrapper{overflow:hidden}.elementor-widget-tabs .elementor-tab-title{cursor:pointer;outline:var(--focus-outline,none)}.elementor-widget-tabs .elementor-tab-desktop-title{position:relative;padding:20px 25px;font-weight:700;line-height:1;border:solid transparent}.elementor-widget-tabs .elementor-tab-desktop-title.elementor-active{border-color:#d5d8dc}.elementor-widget-tabs .elementor-tab-desktop-title.elementor-active:after,.elementor-widget-tabs .elementor-tab-desktop-title.elementor-active:before{display:block;content:\"\";position:absolute}.elementor-widget-tabs .elementor-tab-desktop-title:focus-visible{border:1px solid #000}.elementor-widget-tabs .elementor-tab-mobile-title{padding:10px;cursor:pointer}.elementor-widget-tabs .elementor-tab-content{padding:20px;display:none}@media (max-width:767px){.elementor-tabs .elementor-tab-content,.elementor-tabs .elementor-tab-title{border-style:solid solid none}.elementor-tabs .elementor-tabs-wrapper{display:none}.elementor-tabs .elementor-tabs-content-wrapper{border-bottom-style:solid}.elementor-tabs .elementor-tab-content{padding:10px}}@media (min-width:768px){.elementor-widget-tabs.elementor-tabs-view-vertical .elementor-tabs{display:flex}.elementor-widget-tabs.elementor-tabs-view-vertical .elementor-tabs-wrapper{flex-direction:column}.elementor-widget-tabs.elementor-tabs-view-vertical .elementor-tabs-content-wrapper{flex-grow:1;border-style:solid solid solid none}.elementor-widget-tabs.elementor-tabs-view-horizontal .elementor-tab-content{border-style:none solid solid}.elementor-widget-tabs.elementor-tabs-alignment-center .elementor-tabs-wrapper,.elementor-widget-tabs.elementor-tabs-alignment-end .elementor-tabs-wrapper,.elementor-widget-tabs.elementor-tabs-alignment-stretch .elementor-tabs-wrapper{display:flex}.elementor-widget-tabs.elementor-tabs-alignment-center .elementor-tabs-wrapper{justify-content:center}.elementor-widget-tabs.elementor-tabs-alignment-end .elementor-tabs-wrapper{justify-content:flex-end}.elementor-widget-tabs.elementor-tabs-alignment-stretch.elementor-tabs-view-horizontal .elementor-tab-title{width:100%}.elementor-widget-tabs.elementor-tabs-alignment-stretch.elementor-tabs-view-vertical .elementor-tab-title{height:100%}.elementor-tabs .elementor-tab-mobile-title{display:none}}<\/style>\n<p>PLAN DE FORMACI\u00d3N<br \/>\nREQUISITOS DE ACCESO<br \/>\n\u00bf Y AL FINALIZAR MIS ESTUDIOS ?<br \/>\nHABILIDADES ADQUIRIDAS<br \/>\nSALIDAS<br \/>\nPLAN DE FORMACI\u00d3N<\/p>\n<p><strong>Los m\u00f3dulos profesionales de este ciclo formativo son los siguientes:<\/strong><\/p>\n<ul>\n<li>Did\u00e1ctica de la educaci\u00f3n infantil. (200h)<\/li>\n<li>Autonom\u00eda personal y salud infantil. (198h)<\/li>\n<li>El juego infantil y su metodolog\u00eda. (140h)<\/li>\n<li>Expresi\u00f3n y comunicaci\u00f3n. (198h)<\/li>\n<li>Desarrollo cognitivo y motor. (198h)<\/li>\n<li>Desarrollo socio-afectivo. (165h)<\/li>\n<li>Habilidades sociales. (132h)<\/li>\n<li>Intervenci\u00f3n con familias y atenci\u00f3n a menores en riesgo social. (100h)<\/li>\n<li>Proyecto de atenci\u00f3n a la infancia. (50h)<\/li>\n<li>Primeros auxilios. (60h)<\/li>\n<li>Ingl\u00e9s t\u00e9cnico. (40h)<\/li>\n<li>Formaci\u00f3n y orientaci\u00f3n laboral. (99h)<\/li>\n<li>Empresa e iniciativa emprendedora. (60h)<\/li>\n<li>Formaci\u00f3n en centros de trabajo. (360h)<\/li>\n<\/ul>\n<p>REQUISITOS DE ACCESO<\/p>\n<p><strong>El acceso a los ciclos o m\u00f3dulos de Grado Superior requiere el cumplimiento de alguna de las siguientes condiciones:<\/strong><\/p>\n<ul>\n<li>Estar en posesi\u00f3n del t\u00edtulo de Bachiller establecido conforme la Ley Org\u00e1nica 2\/2006, de 3 de mayo, de Educaci\u00f3n.<\/li>\n<li>Estar en posesi\u00f3n del t\u00edtulo de T\u00e9cnico o T\u00e9cnico superior de Formaci\u00f3n Profesional.<\/li>\n<li>Certificado acreditativo de haber superado todas las materias de Bachillerato.<\/li>\n<li>Tener superada una prueba de acceso a ciclos formativos de grado superior por la opci\u00f3n correspondiente a la familia profesional del ciclo al que se desea acceder.<\/li>\n<li>Estar en posesi\u00f3n del t\u00edtulo de Bachiller establecido conforme la Ley Org\u00e1nica 1\/1990, de 3 de octubre, de Ordenaci\u00f3n General del Sistema Educativo.<\/li>\n<li>Estar en posesi\u00f3n del t\u00edtulo de Bachiller expedido tras cursar el antiguo Bachillerato Unificado Polivalente (BUP).<\/li>\n<li>Estar en posesi\u00f3n del t\u00edtulo de T\u00e9cnico especialista.<\/li>\n<li>Estar en posesi\u00f3n de un t\u00edtulo universitario.<\/li>\n<li>Tener superado el Curso de Orientaci\u00f3n Universitaria (COU) o preuniversitaria.<\/li>\n<li>Tener superada la prueba de acceso a la Universidad para mayores de 25 a\u00f1os.<\/li>\n<li>Haber superado el 2\u00ba curso de alguna modalidad del Bachillerato Experimental.<\/li>\n<li>Certificado de homologaci\u00f3n de estudios extranjeros con alguno de los t\u00edtulos relacionados anteriormente.<\/li>\n<\/ul>\n<p>\u00bf Y AL FINALIZAR MIS ESTUDIOS ?<\/p>\n<p><strong>Trabajar:<\/strong><\/p>\n<ul>\n<li>En el sector de la educaci\u00f3n formal y no formal y en el sector de los servicios sociales de atenci\u00f3n a la infancia.<\/li>\n<\/ul>\n<p><strong>Seguir estudiando:<\/strong><\/p>\n<ul>\n<li>Cursos de especializaci\u00f3n profesional.<\/li>\n<li>Otro Ciclo de Formaci\u00f3n Profesional de Grado Superior con la<br \/>\nposibilidad de establecer convalidaciones de m\u00f3dulos profesionales de<br \/>\nacuerdo a la normativa vigente.<\/li>\n<li>Ense\u00f1anzas Universitarias con la posibilidad de establecer convalidaciones de acuerdo con la normativa vigente.<\/li>\n<\/ul>\n<p>HABILIDADES ADQUIRIDAS<\/p>\n<p><strong>Este profesional ser\u00e1 capaz de:<\/strong><\/p>\n<ul>\n<li>Programar, dise\u00f1ar y llevar a cabo actividades de intervenci\u00f3n educativa y de atenci\u00f3n social con la infancia y sus familias.<\/li>\n<li>Utilizar recursos y procedimientos para dar respuesta a las necesidades de los ni\u00f1os, ni\u00f1as y familias que requieran la participaci\u00f3n de otros profesionales o servicios.<\/li>\n<li>Actuar ante contingencias, transmitiendo seguridad y confianza.<\/li>\n<li>Evaluar el proceso de intervenci\u00f3n y los resultados obtenidos, gestionando la documentaci\u00f3n asociada y trasmitiendo la informaci\u00f3n.<\/li>\n<li>Mantener actualizados los conocimientos cient\u00edficos y t\u00e9cnicos relativos a su actividad profesional, utilizando los recursos existentes para el aprendizaje a lo largo de la vida.<\/li>\n<li>Mantener relaciones fluidas con los ni\u00f1os y ni\u00f1as y sus familias, miembros del grupo en el que se est\u00e9 integrado y otros profesionales, mostrando habilidades sociales, capacidad de gesti\u00f3n de la diversidad cultural y aportando soluciones a conflictos que se presenten.<\/li>\n<\/ul>\n<p><strong>Estas ense\u00f1anzas incluyen los conocimientos necesarios para:<\/strong><\/p>\n<ul>\n<li>Llevar a cabo las actividades de nivel b\u00e1sico de prevenci\u00f3n de riesgos laborales.<\/li>\n<li>Poder obtener el carn\u00e9 de manipulador de alimentos.<\/li>\n<\/ul>\n<p>SALIDAS<\/p>\n<ul>\n<li>Educador o educadora infantil en primer ciclo de educaci\u00f3n infantil.<\/li>\n<li>Educador o educadora en instituciones y\/o en programas espec\u00edficos de trabajo con menores (0-6 a\u00f1os) en situaci\u00f3n de riesgo social, o en medios de apoyo familiar.<\/li>\n<li>Educador o educadora en programas o actividades de ocio y tiempo libre infantil con menores de 0 a 6 a\u00f1os: ludotecas, casas de cultura, bibliotecas, centros educativos, centros de ocio, granjas escuela, etc.<\/li>\n<\/ul>\n<style>\/*! elementor - v3.16.0 - 09-10-2023 *\/<br \/>.elementor-heading-title{padding:0;margin:0;line-height:1}.elementor-widget-heading .elementor-heading-title[class*=elementor-size-]>a{color:inherit;font-size:inherit;line-height:inherit}.elementor-widget-heading .elementor-heading-title.elementor-size-small{font-size:15px}.elementor-widget-heading .elementor-heading-title.elementor-size-medium{font-size:19px}.elementor-widget-heading .elementor-heading-title.elementor-size-large{font-size:29px}.elementor-widget-heading .elementor-heading-title.elementor-size-xl{font-size:39px}.elementor-widget-heading .elementor-heading-title.elementor-size-xxl{font-size:59px}<\/style>\n<h4>M\u00e1s informaci\u00f3n<\/h4>\n<p>* &#8211; Campos obligatorios<\/p>\n","protected":false},"excerpt":{"rendered":"<p>\u00bf Qu\u00e9 voy a aprender ? Dise\u00f1ar, aplicar y evaluar proyectos educativos para primer ciclo de educaci\u00f3n infantil. Familia profesional: Servicios socioculturales y a la comunidad. Duraci\u00f3n total: 2000h Modelo: D PLAN DE FORMACI\u00d3N REQUISITOS DE ACCESO \u00bf Y AL FINALIZAR MIS ESTUDIOS ? HABILIDADES ADQUIRIDAS SALIDAS PLAN DE FORMACI\u00d3N Los m\u00f3dulos profesionales de este [&hellip;]<\/p>\n","protected":false},"author":1,"featured_media":1486,"parent":1667,"menu_order":0,"comment_status":"closed","ping_status":"closed","template":"ciclos-formativos.php","meta":{"footnotes":""},"categories":[24],"class_list":["post-1731","page","type-page","status-publish","has-post-thumbnail","hentry","category-servicios-socioculturales-y-a-la-comunidad-eu"],"acf":[],"_links":{"self":[{"href":"https:\/\/www.fadura.eus\/eu\/wp-json\/wp\/v2\/pages\/1731","targetHints":{"allow":["GET"]}}],"collection":[{"href":"https:\/\/www.fadura.eus\/eu\/wp-json\/wp\/v2\/pages"}],"about":[{"href":"https:\/\/www.fadura.eus\/eu\/wp-json\/wp\/v2\/types\/page"}],"author":[{"embeddable":true,"href":"https:\/\/www.fadura.eus\/eu\/wp-json\/wp\/v2\/users\/1"}],"replies":[{"embeddable":true,"href":"https:\/\/www.fadura.eus\/eu\/wp-json\/wp\/v2\/comments?post=1731"}],"version-history":[{"count":5,"href":"https:\/\/www.fadura.eus\/eu\/wp-json\/wp\/v2\/pages\/1731\/revisions"}],"predecessor-version":[{"id":3083,"href":"https:\/\/www.fadura.eus\/eu\/wp-json\/wp\/v2\/pages\/1731\/revisions\/3083"}],"up":[{"embeddable":true,"href":"https:\/\/www.fadura.eus\/eu\/wp-json\/wp\/v2\/pages\/1667"}],"wp:featuredmedia":[{"embeddable":true,"href":"https:\/\/www.fadura.eus\/eu\/wp-json\/wp\/v2\/media\/1486"}],"wp:attachment":[{"href":"https:\/\/www.fadura.eus\/eu\/wp-json\/wp\/v2\/media?parent=1731"}],"wp:term":[{"taxonomy":"category","embeddable":true,"href":"https:\/\/www.fadura.eus\/eu\/wp-json\/wp\/v2\/categories?post=1731"}],"curies":[{"name":"wp","href":"https:\/\/api.w.org\/{rel}","templated":true}]}}