{"id":1730,"date":"2023-10-17T12:48:11","date_gmt":"2023-10-17T10:48:11","guid":{"rendered":"https:\/\/www.fadura.eus\/goi-mailako-zikloak\/tecnico-a-superior-en-documentacion-y-administracion-sanitarias\/"},"modified":"2026-03-13T15:12:38","modified_gmt":"2026-03-13T13:12:38","slug":"osasun-dokumentazioko-eta-administrazioko-goi-mailako-teknikaria","status":"publish","type":"page","link":"https:\/\/www.fadura.eus\/eu\/goi-mailako-zikloak\/osasun-dokumentazioko-eta-administrazioko-goi-mailako-teknikaria\/","title":{"rendered":"Osasun-dokumentazioko eta -administrazioko goi-mailako teknikaria"},"content":{"rendered":"<p><b>\u00bf Qu\u00e9 voy a aprender ? <\/b><\/p>\n<p>Dise\u00f1ar, aplicar y evaluar proyectos educativos para primer ciclo de educaci\u00f3n infantil.<\/p>\n<p><strong>Familia profesional:<\/strong> Sanidad.<\/p>\n<p><strong>D<\/strong><b>uraci\u00f3n total:<\/b> 2000h<\/p>\n<p><strong>Modelo:<\/strong> <a href=\"https:\/\/www.fadura.eus\/index.php\/modelos-linguisticos\/\">A<\/a><\/p>\n<style>\/*! elementor - v3.16.0 - 09-10-2023 *\/<br \/>.elementor-widget-tabs.elementor-tabs-view-vertical .elementor-tabs-wrapper{width:25%;flex-shrink:0}.elementor-widget-tabs.elementor-tabs-view-vertical .elementor-tab-desktop-title.elementor-active{border-right-style:none}.elementor-widget-tabs.elementor-tabs-view-vertical .elementor-tab-desktop-title.elementor-active:after,.elementor-widget-tabs.elementor-tabs-view-vertical .elementor-tab-desktop-title.elementor-active:before{height:999em;width:0;right:0;border-right-style:solid}.elementor-widget-tabs.elementor-tabs-view-vertical .elementor-tab-desktop-title.elementor-active:before{top:0;transform:translateY(-100%)}.elementor-widget-tabs.elementor-tabs-view-vertical .elementor-tab-desktop-title.elementor-active:after{top:100%}.elementor-widget-tabs.elementor-tabs-view-horizontal .elementor-tab-desktop-title{display:table-cell}.elementor-widget-tabs.elementor-tabs-view-horizontal .elementor-tab-desktop-title.elementor-active{border-bottom-style:none}.elementor-widget-tabs.elementor-tabs-view-horizontal .elementor-tab-desktop-title.elementor-active:after,.elementor-widget-tabs.elementor-tabs-view-horizontal .elementor-tab-desktop-title.elementor-active:before{bottom:0;height:0;width:999em;border-bottom-style:solid}.elementor-widget-tabs.elementor-tabs-view-horizontal .elementor-tab-desktop-title.elementor-active:before{right:100%}.elementor-widget-tabs.elementor-tabs-view-horizontal .elementor-tab-desktop-title.elementor-active:after{left:100%}.elementor-widget-tabs .elementor-tab-content,.elementor-widget-tabs .elementor-tab-title,.elementor-widget-tabs .elementor-tab-title:after,.elementor-widget-tabs .elementor-tab-title:before,.elementor-widget-tabs .elementor-tabs-content-wrapper{border:1px #d5d8dc}.elementor-widget-tabs .elementor-tabs{text-align:left}.elementor-widget-tabs .elementor-tabs-wrapper{overflow:hidden}.elementor-widget-tabs .elementor-tab-title{cursor:pointer;outline:var(--focus-outline,none)}.elementor-widget-tabs .elementor-tab-desktop-title{position:relative;padding:20px 25px;font-weight:700;line-height:1;border:solid transparent}.elementor-widget-tabs .elementor-tab-desktop-title.elementor-active{border-color:#d5d8dc}.elementor-widget-tabs .elementor-tab-desktop-title.elementor-active:after,.elementor-widget-tabs .elementor-tab-desktop-title.elementor-active:before{display:block;content:\"\";position:absolute}.elementor-widget-tabs .elementor-tab-desktop-title:focus-visible{border:1px solid #000}.elementor-widget-tabs .elementor-tab-mobile-title{padding:10px;cursor:pointer}.elementor-widget-tabs .elementor-tab-content{padding:20px;display:none}@media (max-width:767px){.elementor-tabs .elementor-tab-content,.elementor-tabs .elementor-tab-title{border-style:solid solid none}.elementor-tabs .elementor-tabs-wrapper{display:none}.elementor-tabs .elementor-tabs-content-wrapper{border-bottom-style:solid}.elementor-tabs .elementor-tab-content{padding:10px}}@media (min-width:768px){.elementor-widget-tabs.elementor-tabs-view-vertical .elementor-tabs{display:flex}.elementor-widget-tabs.elementor-tabs-view-vertical .elementor-tabs-wrapper{flex-direction:column}.elementor-widget-tabs.elementor-tabs-view-vertical .elementor-tabs-content-wrapper{flex-grow:1;border-style:solid solid solid none}.elementor-widget-tabs.elementor-tabs-view-horizontal .elementor-tab-content{border-style:none solid solid}.elementor-widget-tabs.elementor-tabs-alignment-center .elementor-tabs-wrapper,.elementor-widget-tabs.elementor-tabs-alignment-end .elementor-tabs-wrapper,.elementor-widget-tabs.elementor-tabs-alignment-stretch .elementor-tabs-wrapper{display:flex}.elementor-widget-tabs.elementor-tabs-alignment-center .elementor-tabs-wrapper{justify-content:center}.elementor-widget-tabs.elementor-tabs-alignment-end .elementor-tabs-wrapper{justify-content:flex-end}.elementor-widget-tabs.elementor-tabs-alignment-stretch.elementor-tabs-view-horizontal .elementor-tab-title{width:100%}.elementor-widget-tabs.elementor-tabs-alignment-stretch.elementor-tabs-view-vertical .elementor-tab-title{height:100%}.elementor-tabs .elementor-tab-mobile-title{display:none}}<\/style>\n<p>PLAN DE FORMACI\u00d3N<br \/>\nREQUISITOS DE ACCESO<br \/>\n\u00bf Y AL FINALIZAR MIS ESTUDIOS ?<br \/>\nHABILIDADES ADQUIRIDAS<br \/>\nSALIDAS<br \/>\nPLAN DE FORMACI\u00d3N<\/p>\n<p><strong>Los m\u00f3dulos profesionales de este ciclo formativo son los siguientes:<\/strong><\/p>\n<ul>\n<li>Gesti\u00f3n de pacientes.(99h)<\/li>\n<li>Terminolog\u00eda cl\u00ednica y patolog\u00eda. (165h)<\/li>\n<li>Extracci\u00f3n de diagn\u00f3sticos y procedimientos. (165h)<\/li>\n<li>Archivo y documentaci\u00f3n sanitarios. (132h)<\/li>\n<li>Sistemas de informaci\u00f3n y clasificaci\u00f3n sanitarios. (165h)<\/li>\n<li>Ofim\u00e1tica y proceso de la informaci\u00f3n. (165h)<\/li>\n<li>Codificaci\u00f3n sanitaria. (180h)<\/li>\n<li>Atenci\u00f3n psicosocial al paciente-usuario. (80h)<\/li>\n<li>Validaci\u00f3n y explotaci\u00f3n de datos. (120h)<\/li>\n<li>Gesti\u00f3n administrativa sanitaria. (120h)<\/li>\n<li>Proyecto de documentaci\u00f3n y administraci\u00f3n sanitarias. (50h)<\/li>\n<li>Ingl\u00e9s t\u00e9cnico. (40h)<\/li>\n<li>Formaci\u00f3n y orientaci\u00f3n laboral. (99h)<\/li>\n<li>Empresa e iniciativa emprendedora. (60h)<\/li>\n<li>Formaci\u00f3n en centros de trabajo. (360h)<\/li>\n<\/ul>\n<p>REQUISITOS DE ACCESO<\/p>\n<p><strong>El acceso a los ciclos o m\u00f3dulos de Grado Superior requiere el cumplimiento de alguna de las siguientes condiciones:<\/strong><\/p>\n<ul>\n<li>Estar en posesi\u00f3n del t\u00edtulo de Bachiller establecido conforme la Ley Org\u00e1nica 2\/2006, de 3 de mayo, de Educaci\u00f3n.<\/li>\n<li>Estar en posesi\u00f3n del t\u00edtulo de T\u00e9cnico o T\u00e9cnico superior de Formaci\u00f3n Profesional.<\/li>\n<li>Certificado acreditativo de haber superado todas las materias de Bachillerato.<\/li>\n<li>Tener superada una prueba de acceso a ciclos formativos de grado superior por la opci\u00f3n correspondiente a la familia profesional del ciclo al que se desea acceder.<\/li>\n<li>Estar en posesi\u00f3n del t\u00edtulo de Bachiller establecido conforme la Ley Org\u00e1nica 1\/1990, de 3 de octubre, de Ordenaci\u00f3n General del Sistema Educativo.<\/li>\n<li>Estar en posesi\u00f3n del t\u00edtulo de Bachiller expedido tras cursar el antiguo Bachillerato Unificado Polivalente (BUP).<\/li>\n<li>Estar en posesi\u00f3n del t\u00edtulo de T\u00e9cnico especialista.<\/li>\n<li>Estar en posesi\u00f3n de un t\u00edtulo universitario.<\/li>\n<li>Tener superado el Curso de Orientaci\u00f3n Universitaria (COU) o preuniversitaria.<\/li>\n<li>Tener superada la prueba de acceso a la Universidad para mayores de 25 a\u00f1os.<\/li>\n<li>Haber superado el 2\u00ba curso de alguna modalidad del Bachillerato Experimental.<\/li>\n<li>Certificado de homologaci\u00f3n de estudios extranjeros con alguno de los t\u00edtulos relacionados anteriormente.<\/li>\n<\/ul>\n<p>\u00bf Y AL FINALIZAR MIS ESTUDIOS ?<\/p>\n<p><strong>Trabajar en:<\/strong><\/p>\n<ul>\n<li>El sector sanitario, en organismos e instituciones del \u00e1mbito p\u00fablico y en empresas privadas, tanto en atenci\u00f3n primaria como en especializada, as\u00ed como en centros hospitalarios y de investigaci\u00f3n. Realizan su trabajo bajo la supervisi\u00f3n del facultativo correspondiente o gerente administrativo en su caso.<\/li>\n<\/ul>\n<p><strong>Seguir estudiando:<\/strong><\/p>\n<ul>\n<li>Cursos de especializaci\u00f3n profesional.<\/li>\n<li>Otro Ciclo de Formaci\u00f3n Profesional de Grado Superior con la posibilidad de establecer convalidaciones de m\u00f3dulos de acuerdo a la normativa vigente.<\/li>\n<li>Ense\u00f1anzas Universitarias con la posibilidad de establecer convalidaciones de acuerdo con la normativa vigente.<\/li>\n<\/ul>\n<p>HABILIDADES ADQUIRIDAS<\/p>\n<p><strong>Este profesional ser\u00e1 capaz de:<\/strong><\/p>\n<ul>\n<li>Realizar la gesti\u00f3n de ingresos, altas, asignaci\u00f3n de camas y prestaci\u00f3n de otros servicios sanitarios a pacientes\/usuarios, asegurando el cumplimiento de los procesos y los niveles de calidad.<\/li>\n<li>Reconocer la terminolog\u00eda cl\u00ednica de los documentos sanitarios en relaci\u00f3n con los procesos patol\u00f3gicos y su atenci\u00f3n en los servicios sanitarios.<\/li>\n<li>Elaborar y tramitar documentos y comunicaciones propias de los servicios sanitarios a partir de las necesidades detectadas y en el \u00e1mbito de su responsabilidad, respetando los criterios deontol\u00f3gicos de la profesi\u00f3n.<\/li>\n<li>Gestionar el archivo de historias cl\u00ednicas y otra documentaci\u00f3n, atendiendo a criterios, procesos y procedimientos establecidos.<\/li>\n<li>Realizar procesos de codificaci\u00f3n de diagn\u00f3sticos y procedimientos relacionados con la clasificaci\u00f3n internacional de enfermedades.<\/li>\n<li>Explotar y validar bases de datos para el sistema de informaci\u00f3n cl\u00ednico-asistencial, la calidad y la investigaci\u00f3n, asegurando la aplicaci\u00f3n de la normativa de protecci\u00f3n de datos.<\/li>\n<li>Gestionar documentaci\u00f3n sanitaria aplicando la estructura, utilidades, validaciones y explotaciones del conjunto m\u00ednimo b\u00e1sico de datos (CMBD).<\/li>\n<li>Atender y orientar a pacientes y familiares aplicando t\u00e9cnicas de comunicaci\u00f3n para la mejora de calidad asistencial y satisfacci\u00f3n de los mismos.<\/li>\n<li>Ejecutar tareas administrativas en la gesti\u00f3n de las \u00e1reas asistenciales y no asistenciales de los centros sanitarios.<\/li>\n<\/ul>\n<p>Estas ense\u00f1anzas incluyen los conocimientos necesarios para llevar a cabo las actividades de nivel b\u00e1sico de prevenci\u00f3n de riesgos laborales.<\/p>\n<p>SALIDAS<\/p>\n<ul>\n<li>T\u00e9cnico superior en documentaci\u00f3n sanitaria.<\/li>\n<li>Responsable t\u00e9cnico de codificaci\u00f3n de documentaci\u00f3n sanitaria.<\/li>\n<li>Responsable t\u00e9cnico de archivos de historias cl\u00ednicas.<\/li>\n<li>Responsable t\u00e9cnico de tratamiento y dise\u00f1o documental sanitario.<\/li>\n<li>Responsable t\u00e9cnico de sistemas de informaci\u00f3n asistencial sanitaria.<\/li>\n<li>Responsable t\u00e9cnico de evaluaci\u00f3n y control de calidad de la prestaci\u00f3n sanitaria.<\/li>\n<li>Responsable t\u00e9cnico de gesti\u00f3n de procesos administrativo-cl\u00ednicos.<\/li>\n<li>Responsable de administraci\u00f3n de unidades, departamento o centros sanitarios.<\/li>\n<li>Asistente de equipos de investigaci\u00f3n biom\u00e9dica.<\/li>\n<li>Secretario-a de servicios sanitarios.<\/li>\n<\/ul>\n<style>\/*! elementor - v3.16.0 - 09-10-2023 *\/<br \/>.elementor-heading-title{padding:0;margin:0;line-height:1}.elementor-widget-heading .elementor-heading-title[class*=elementor-size-]>a{color:inherit;font-size:inherit;line-height:inherit}.elementor-widget-heading .elementor-heading-title.elementor-size-small{font-size:15px}.elementor-widget-heading .elementor-heading-title.elementor-size-medium{font-size:19px}.elementor-widget-heading .elementor-heading-title.elementor-size-large{font-size:29px}.elementor-widget-heading .elementor-heading-title.elementor-size-xl{font-size:39px}.elementor-widget-heading .elementor-heading-title.elementor-size-xxl{font-size:59px}<\/style>\n<h4>M\u00e1s informaci\u00f3n<\/h4>\n<p>* &#8211; Campos obligatorios<\/p>\n","protected":false},"excerpt":{"rendered":"<p>\u00bf Qu\u00e9 voy a aprender ? Dise\u00f1ar, aplicar y evaluar proyectos educativos para primer ciclo de educaci\u00f3n infantil. Familia profesional: Sanidad. Duraci\u00f3n total: 2000h Modelo: A PLAN DE FORMACI\u00d3N REQUISITOS DE ACCESO \u00bf Y AL FINALIZAR MIS ESTUDIOS ? HABILIDADES ADQUIRIDAS SALIDAS PLAN DE FORMACI\u00d3N Los m\u00f3dulos profesionales de este ciclo formativo son los siguientes: [&hellip;]<\/p>\n","protected":false},"author":1,"featured_media":1494,"parent":1667,"menu_order":0,"comment_status":"closed","ping_status":"closed","template":"ciclos-formativos.php","meta":{"footnotes":""},"categories":[21],"class_list":["post-1730","page","type-page","status-publish","has-post-thumbnail","hentry","category-sanidad-eu"],"acf":[],"_links":{"self":[{"href":"https:\/\/www.fadura.eus\/eu\/wp-json\/wp\/v2\/pages\/1730","targetHints":{"allow":["GET"]}}],"collection":[{"href":"https:\/\/www.fadura.eus\/eu\/wp-json\/wp\/v2\/pages"}],"about":[{"href":"https:\/\/www.fadura.eus\/eu\/wp-json\/wp\/v2\/types\/page"}],"author":[{"embeddable":true,"href":"https:\/\/www.fadura.eus\/eu\/wp-json\/wp\/v2\/users\/1"}],"replies":[{"embeddable":true,"href":"https:\/\/www.fadura.eus\/eu\/wp-json\/wp\/v2\/comments?post=1730"}],"version-history":[{"count":5,"href":"https:\/\/www.fadura.eus\/eu\/wp-json\/wp\/v2\/pages\/1730\/revisions"}],"predecessor-version":[{"id":3085,"href":"https:\/\/www.fadura.eus\/eu\/wp-json\/wp\/v2\/pages\/1730\/revisions\/3085"}],"up":[{"embeddable":true,"href":"https:\/\/www.fadura.eus\/eu\/wp-json\/wp\/v2\/pages\/1667"}],"wp:featuredmedia":[{"embeddable":true,"href":"https:\/\/www.fadura.eus\/eu\/wp-json\/wp\/v2\/media\/1494"}],"wp:attachment":[{"href":"https:\/\/www.fadura.eus\/eu\/wp-json\/wp\/v2\/media?parent=1730"}],"wp:term":[{"taxonomy":"category","embeddable":true,"href":"https:\/\/www.fadura.eus\/eu\/wp-json\/wp\/v2\/categories?post=1730"}],"curies":[{"name":"wp","href":"https:\/\/api.w.org\/{rel}","templated":true}]}}