{"id":1707,"date":"2023-10-17T11:17:01","date_gmt":"2023-10-17T09:17:01","guid":{"rendered":"https:\/\/www.fadura.eus\/erdi-mailako-zikloak\/tecnico-a-en-mecanizado\/"},"modified":"2026-03-13T13:46:32","modified_gmt":"2026-03-13T11:46:32","slug":"mekanizazioko-teknikaria","status":"publish","type":"page","link":"https:\/\/www.fadura.eus\/eu\/erdi-mailako-zikloak\/mekanizazioko-teknikaria\/","title":{"rendered":"Mekanizazioko teknikaria"},"content":{"rendered":"<p><b>\u00bf Qu\u00e9 voy a aprender ? <\/b><\/p>\n<p>Ejecutar los procesos de mecanizado por arranque de viruta, conformado y procedimientos especiales, preparando, programando, operando las m\u00e1quinas herramientas y verificando el producto obtenido.<\/p>\n<p><strong>Familia profesional:<\/strong> Fabricaci\u00f3n mec\u00e1nica &#8211; FME<\/p>\n<p><strong>D<\/strong><b>uraci\u00f3n total:<\/b> 2000h<\/p>\n<p><strong>Modelo:<\/strong> <a href=\"https:\/\/www.fadura.eus\/index.php\/modelos-linguisticos\/\">B+<\/a><\/p>\n<style>\/*! elementor - v3.16.0 - 09-10-2023 *\/<br \/>.elementor-widget-tabs.elementor-tabs-view-vertical .elementor-tabs-wrapper{width:25%;flex-shrink:0}.elementor-widget-tabs.elementor-tabs-view-vertical .elementor-tab-desktop-title.elementor-active{border-right-style:none}.elementor-widget-tabs.elementor-tabs-view-vertical .elementor-tab-desktop-title.elementor-active:after,.elementor-widget-tabs.elementor-tabs-view-vertical .elementor-tab-desktop-title.elementor-active:before{height:999em;width:0;right:0;border-right-style:solid}.elementor-widget-tabs.elementor-tabs-view-vertical .elementor-tab-desktop-title.elementor-active:before{top:0;transform:translateY(-100%)}.elementor-widget-tabs.elementor-tabs-view-vertical .elementor-tab-desktop-title.elementor-active:after{top:100%}.elementor-widget-tabs.elementor-tabs-view-horizontal .elementor-tab-desktop-title{display:table-cell}.elementor-widget-tabs.elementor-tabs-view-horizontal .elementor-tab-desktop-title.elementor-active{border-bottom-style:none}.elementor-widget-tabs.elementor-tabs-view-horizontal .elementor-tab-desktop-title.elementor-active:after,.elementor-widget-tabs.elementor-tabs-view-horizontal .elementor-tab-desktop-title.elementor-active:before{bottom:0;height:0;width:999em;border-bottom-style:solid}.elementor-widget-tabs.elementor-tabs-view-horizontal .elementor-tab-desktop-title.elementor-active:before{right:100%}.elementor-widget-tabs.elementor-tabs-view-horizontal .elementor-tab-desktop-title.elementor-active:after{left:100%}.elementor-widget-tabs .elementor-tab-content,.elementor-widget-tabs .elementor-tab-title,.elementor-widget-tabs .elementor-tab-title:after,.elementor-widget-tabs .elementor-tab-title:before,.elementor-widget-tabs .elementor-tabs-content-wrapper{border:1px #d5d8dc}.elementor-widget-tabs .elementor-tabs{text-align:left}.elementor-widget-tabs .elementor-tabs-wrapper{overflow:hidden}.elementor-widget-tabs .elementor-tab-title{cursor:pointer;outline:var(--focus-outline,none)}.elementor-widget-tabs .elementor-tab-desktop-title{position:relative;padding:20px 25px;font-weight:700;line-height:1;border:solid transparent}.elementor-widget-tabs .elementor-tab-desktop-title.elementor-active{border-color:#d5d8dc}.elementor-widget-tabs .elementor-tab-desktop-title.elementor-active:after,.elementor-widget-tabs .elementor-tab-desktop-title.elementor-active:before{display:block;content:\"\";position:absolute}.elementor-widget-tabs .elementor-tab-desktop-title:focus-visible{border:1px solid #000}.elementor-widget-tabs .elementor-tab-mobile-title{padding:10px;cursor:pointer}.elementor-widget-tabs .elementor-tab-content{padding:20px;display:none}@media (max-width:767px){.elementor-tabs .elementor-tab-content,.elementor-tabs .elementor-tab-title{border-style:solid solid none}.elementor-tabs .elementor-tabs-wrapper{display:none}.elementor-tabs .elementor-tabs-content-wrapper{border-bottom-style:solid}.elementor-tabs .elementor-tab-content{padding:10px}}@media (min-width:768px){.elementor-widget-tabs.elementor-tabs-view-vertical .elementor-tabs{display:flex}.elementor-widget-tabs.elementor-tabs-view-vertical .elementor-tabs-wrapper{flex-direction:column}.elementor-widget-tabs.elementor-tabs-view-vertical .elementor-tabs-content-wrapper{flex-grow:1;border-style:solid solid solid none}.elementor-widget-tabs.elementor-tabs-view-horizontal .elementor-tab-content{border-style:none solid solid}.elementor-widget-tabs.elementor-tabs-alignment-center .elementor-tabs-wrapper,.elementor-widget-tabs.elementor-tabs-alignment-end .elementor-tabs-wrapper,.elementor-widget-tabs.elementor-tabs-alignment-stretch .elementor-tabs-wrapper{display:flex}.elementor-widget-tabs.elementor-tabs-alignment-center .elementor-tabs-wrapper{justify-content:center}.elementor-widget-tabs.elementor-tabs-alignment-end .elementor-tabs-wrapper{justify-content:flex-end}.elementor-widget-tabs.elementor-tabs-alignment-stretch.elementor-tabs-view-horizontal .elementor-tab-title{width:100%}.elementor-widget-tabs.elementor-tabs-alignment-stretch.elementor-tabs-view-vertical .elementor-tab-title{height:100%}.elementor-tabs .elementor-tab-mobile-title{display:none}}<\/style>\n<p>PLAN DE FORMACI\u00d3N<br \/>\nREQUISITOS DE ACCESO<br \/>\n\u00bf Y AL FINALIZAR MIS ESTUDIOS ?<br \/>\nHABILIDADES ADQUIRIDAS<br \/>\nPLAN DE FORMACI\u00d3N<\/p>\n<p><strong>Los m\u00f3dulos profesionales de este ciclo formativo son:<\/strong><\/p>\n<ul>\n<li>Procesos de mecanizado. (165h)<\/li>\n<li>Mecanizado por control num\u00e9rico. (252h)<\/li>\n<li>Fabricaci\u00f3n por abrasi\u00f3n, electroerosi\u00f3n, corte y conformado y por procesos especiales. (210h)<\/li>\n<li>Fabricaci\u00f3n por arranque de viruta. (363h)<\/li>\n<li>Sistemas automatizados. (165h)<\/li>\n<li>Metrolog\u00eda y ensayos. (132h)<\/li>\n<li>Interpretaci\u00f3n gr\u00e1fica. (132h)<\/li>\n<li>Ingl\u00e9s t\u00e9cnico. (33h)<\/li>\n<li>Formaci\u00f3n y Orientaci\u00f3n Laboral. (105h)<\/li>\n<li>Empresa e iniciativa emprendedora. (63h)<\/li>\n<li>Formaci\u00f3n en centros de trabajo. (380h)<\/li>\n<\/ul>\n<p>REQUISITOS DE ACCESO<\/p>\n<p><strong>El acceso a los ciclos o m\u00f3dulos de Grado Medio requiere el cumplimiento de al menos una de las siguientes condiciones:<\/strong><\/p>\n<ul>\n<li>Estar en posesi\u00f3n del t\u00edtulo de Graduado en Educaci\u00f3n Secundaria Obligatoria.<\/li>\n<li>Estar en posesi\u00f3n del t\u00edtulo Profesional B\u00e1sico.<\/li>\n<li>Estar en posesi\u00f3n del t\u00edtulo de Bachiller Superior.<\/li>\n<li>Estar en posesi\u00f3n de un t\u00edtulo universitario.<\/li>\n<li>Estar en posesi\u00f3n del t\u00edtulo de T\u00e9cnico o de T\u00e9cnico Superior de Formaci\u00f3n Profesional.<\/li>\n<li>Estar en posesi\u00f3n del t\u00edtulo de T\u00e9cnico Auxiliar.<\/li>\n<li>Estar en posesi\u00f3n de un certificado acreditativo de haber superado todas las materias de Bachillerato.<\/li>\n<li>T\u00edtulo de Graduado en Educaci\u00f3n Secundaria Obligatoria establecido conforme a la Ley Org\u00e1nica 2\/2006, de 3 de mayo, de Educaci\u00f3n.<\/li>\n<li>Estar en posesi\u00f3n del t\u00edtulo de Graduado en Educaci\u00f3n Secundaria establecido conforme a la Ley Org\u00e1nica 1\/1990, de 3 de octubre, de Ordenaci\u00f3n General del Sistema Educativo.<\/li>\n<li>Haber superado el curso de formaci\u00f3n espec\u00edfico para el acceso a ciclos de grado medio en centros p\u00fablicos o privados autorizados por la Administraci\u00f3n educativa, y tener 17 a\u00f1os cumplidos en el a\u00f1o de finalizaci\u00f3n de la prueba.<\/li>\n<li>Haber superado la prueba de acceso a ciclos formativos de grado medio o superior.<\/li>\n<li>Haber superado los m\u00f3dulos obligatorios de un Programa de Cualificaci\u00f3n Profesional Inicial con anterioridad a la implantaci\u00f3n del primer curso de los ciclos de Formaci\u00f3n Profesional B\u00e1sica.<\/li>\n<li>Haber superado los dos primeros cursos del Bachillerato Unificado y Polivalente (BUP), con un m\u00e1ximo, en conjunto, de dos materias pendientes.<\/li>\n<li>Haber superado el 2\u00ba curso del primer ciclo experimental de reforma de las ense\u00f1anzas medias.<\/li>\n<li>Haber superado el 3\u00ba curso de comunes del plan del 63, o el 2\u00ba curso de comunes experimentales, de Artes Aplicadas y Oficios Art\u00edsticos.<\/li>\n<li>Haber superado la prueba de acceso a la universidad para mayores de veinticinco a\u00f1os.<\/li>\n<li>Acreditar la posesi\u00f3n de alguna de las titulaciones equivalentes para el acceso a los ciclos formativos de grado superior establecidos en la disposici\u00f3n adicional tercera, apartado b) del Real Decreto 1147\/2011, de 29 de julio.<\/li>\n<li>Haber superado otros estudios o cursos de formaci\u00f3n declarados equivalentes a efectos acad\u00e9micos con alguno de los anteriores.<\/li>\n<li>Certificado de homologaci\u00f3n de estudios extranjeros con alguno de los t\u00edtulos relacionados anteriormente.<\/li>\n<\/ul>\n<p>\u00bf Y AL FINALIZAR MIS ESTUDIOS ?<\/p>\n<p><strong>Trabajar en:<\/strong><\/p>\n<ul>\n<li>En industrias transformadoras de metales relacionadas con los subsectores de construcci\u00f3n de maquinaria y equipo mec\u00e1nico, de material y equipo el\u00e9ctrico, electr\u00f3nico \u00f3ptico, y de material de transporte encuadrado en el sector industrial.<\/li>\n<\/ul>\n<p><strong>Seguir estudiando:<\/strong><\/p>\n<ul>\n<li>Cursos de especializaci\u00f3n profesional.<\/li>\n<li>Un ciclo de Formaci\u00f3n Profesional de Grado Superior.<\/li>\n<li>Otro ciclo de Formaci\u00f3n Profesional de Grado Medio con la posibilidad de establecer convalidaciones de m\u00f3dulos profesionales de acuerdo a la normativa vigente.<\/li>\n<li>El Bachillerato en cualquiera de sus modalidades.<\/li>\n<\/ul>\n<p>HABILIDADES ADQUIRIDAS<\/p>\n<p><strong>Este profesional ser\u00e1 capaz de:<\/strong><\/p>\n<ul>\n<li>Determinar procesos de mecanizado partiendo de informaci\u00f3n t\u00e9cnica.<\/li>\n<li>Preparar m\u00e1quinas y sistemas.<\/li>\n<li>Programar m\u00e1quinas herramientas de control num\u00e9rico (CNC), robots y manipuladores.<\/li>\n<li>Operar m\u00e1quinas herramientas de arranque de viruta, de conformado y especiales para obtener elementos mec\u00e1nicos, de acuerdo con las especificaciones definidas en planos de fabricaci\u00f3n.<\/li>\n<li>Verificar productos mecanizados.<\/li>\n<li>Realizar el mantenimiento de primer nivel en m\u00e1quinas y equipos de mecanizado.<\/li>\n<li>Aplicar procedimientos de calidad, prevenci\u00f3n de riesgos laborales y medioambientales.<\/li>\n<\/ul>\n<p>Estas ense\u00f1anzas incluyen los conocimientos necesarios para llevar a cabo las actividades de nivel b\u00e1sico de prevenci\u00f3n de riesgos laborales.<\/p>\n<style>\/*! elementor - v3.16.0 - 09-10-2023 *\/<br \/>.elementor-heading-title{padding:0;margin:0;line-height:1}.elementor-widget-heading .elementor-heading-title[class*=elementor-size-]>a{color:inherit;font-size:inherit;line-height:inherit}.elementor-widget-heading .elementor-heading-title.elementor-size-small{font-size:15px}.elementor-widget-heading .elementor-heading-title.elementor-size-medium{font-size:19px}.elementor-widget-heading .elementor-heading-title.elementor-size-large{font-size:29px}.elementor-widget-heading .elementor-heading-title.elementor-size-xl{font-size:39px}.elementor-widget-heading .elementor-heading-title.elementor-size-xxl{font-size:59px}<\/style>\n<h4>M\u00e1s informaci\u00f3n<\/h4>\n<p>* &#8211; Campos obligatorios<\/p>\n","protected":false},"excerpt":{"rendered":"<p>\u00bf Qu\u00e9 voy a aprender ? Ejecutar los procesos de mecanizado por arranque de viruta, conformado y procedimientos especiales, preparando, programando, operando las m\u00e1quinas herramientas y verificando el producto obtenido. Familia profesional: Fabricaci\u00f3n mec\u00e1nica &#8211; FME Duraci\u00f3n total: 2000h Modelo: B+ PLAN DE FORMACI\u00d3N REQUISITOS DE ACCESO \u00bf Y AL FINALIZAR MIS ESTUDIOS ? HABILIDADES [&hellip;]<\/p>\n","protected":false},"author":1,"featured_media":1412,"parent":1535,"menu_order":0,"comment_status":"closed","ping_status":"closed","template":"ciclos-formativos.php","meta":{"footnotes":""},"categories":[23],"class_list":["post-1707","page","type-page","status-publish","has-post-thumbnail","hentry","category-fabricacion-mecanica-eu"],"acf":[],"_links":{"self":[{"href":"https:\/\/www.fadura.eus\/eu\/wp-json\/wp\/v2\/pages\/1707","targetHints":{"allow":["GET"]}}],"collection":[{"href":"https:\/\/www.fadura.eus\/eu\/wp-json\/wp\/v2\/pages"}],"about":[{"href":"https:\/\/www.fadura.eus\/eu\/wp-json\/wp\/v2\/types\/page"}],"author":[{"embeddable":true,"href":"https:\/\/www.fadura.eus\/eu\/wp-json\/wp\/v2\/users\/1"}],"replies":[{"embeddable":true,"href":"https:\/\/www.fadura.eus\/eu\/wp-json\/wp\/v2\/comments?post=1707"}],"version-history":[{"count":4,"href":"https:\/\/www.fadura.eus\/eu\/wp-json\/wp\/v2\/pages\/1707\/revisions"}],"predecessor-version":[{"id":3078,"href":"https:\/\/www.fadura.eus\/eu\/wp-json\/wp\/v2\/pages\/1707\/revisions\/3078"}],"up":[{"embeddable":true,"href":"https:\/\/www.fadura.eus\/eu\/wp-json\/wp\/v2\/pages\/1535"}],"wp:featuredmedia":[{"embeddable":true,"href":"https:\/\/www.fadura.eus\/eu\/wp-json\/wp\/v2\/media\/1412"}],"wp:attachment":[{"href":"https:\/\/www.fadura.eus\/eu\/wp-json\/wp\/v2\/media?parent=1707"}],"wp:term":[{"taxonomy":"category","embeddable":true,"href":"https:\/\/www.fadura.eus\/eu\/wp-json\/wp\/v2\/categories?post=1707"}],"curies":[{"name":"wp","href":"https:\/\/api.w.org\/{rel}","templated":true}]}}