{"id":1705,"date":"2023-10-17T11:56:51","date_gmt":"2023-10-17T09:56:51","guid":{"rendered":"https:\/\/www.fadura.eus\/erdi-mailako-zikloak\/tecnico-a-en-emergencias-sanitarias\/"},"modified":"2026-03-13T12:59:07","modified_gmt":"2026-03-13T10:59:07","slug":"osasun-larrialdietako-teknikaria","status":"publish","type":"page","link":"https:\/\/www.fadura.eus\/eu\/erdi-mailako-zikloak\/osasun-larrialdietako-teknikaria\/","title":{"rendered":"Osasun-larrialdietako teknikaria"},"content":{"rendered":"<p><b>\u00bf Qu\u00e9 voy a aprender ? <\/b><\/p>\n<p>Prestar atenci\u00f3n b\u00e1sica sanitaria y psicol\u00f3gica en el entorno pre-hospitalario, trasladar al paciente al centro sanitario, llevar a cabo actividades de tele-operaci\u00f3n y tele-asistencia sanitaria, colaborar en la organizaci\u00f3n y desarrollo de los planes de emergencia de los dispositivos de riesgo previsibles y de la log\u00edstica sanitaria ante una emergencia individual, colectiva o cat\u00e1strofe.<\/p>\n<p><strong>Familia profesional:<\/strong> Sanidad &#8211; SAN<\/p>\n<p><strong>D<\/strong><b>uraci\u00f3n total:<\/b> 1400h<\/p>\n<p><strong>Modelo:<\/strong> <a href=\"https:\/\/www.fadura.eus\/index.php\/modelos-linguisticos\/\">A-D<\/a><\/p>\n<style>\/*! elementor - v3.16.0 - 09-10-2023 *\/<br \/>.elementor-widget-tabs.elementor-tabs-view-vertical .elementor-tabs-wrapper{width:25%;flex-shrink:0}.elementor-widget-tabs.elementor-tabs-view-vertical .elementor-tab-desktop-title.elementor-active{border-right-style:none}.elementor-widget-tabs.elementor-tabs-view-vertical .elementor-tab-desktop-title.elementor-active:after,.elementor-widget-tabs.elementor-tabs-view-vertical .elementor-tab-desktop-title.elementor-active:before{height:999em;width:0;right:0;border-right-style:solid}.elementor-widget-tabs.elementor-tabs-view-vertical .elementor-tab-desktop-title.elementor-active:before{top:0;transform:translateY(-100%)}.elementor-widget-tabs.elementor-tabs-view-vertical .elementor-tab-desktop-title.elementor-active:after{top:100%}.elementor-widget-tabs.elementor-tabs-view-horizontal .elementor-tab-desktop-title{display:table-cell}.elementor-widget-tabs.elementor-tabs-view-horizontal .elementor-tab-desktop-title.elementor-active{border-bottom-style:none}.elementor-widget-tabs.elementor-tabs-view-horizontal .elementor-tab-desktop-title.elementor-active:after,.elementor-widget-tabs.elementor-tabs-view-horizontal .elementor-tab-desktop-title.elementor-active:before{bottom:0;height:0;width:999em;border-bottom-style:solid}.elementor-widget-tabs.elementor-tabs-view-horizontal .elementor-tab-desktop-title.elementor-active:before{right:100%}.elementor-widget-tabs.elementor-tabs-view-horizontal .elementor-tab-desktop-title.elementor-active:after{left:100%}.elementor-widget-tabs .elementor-tab-content,.elementor-widget-tabs .elementor-tab-title,.elementor-widget-tabs .elementor-tab-title:after,.elementor-widget-tabs .elementor-tab-title:before,.elementor-widget-tabs .elementor-tabs-content-wrapper{border:1px #d5d8dc}.elementor-widget-tabs .elementor-tabs{text-align:left}.elementor-widget-tabs .elementor-tabs-wrapper{overflow:hidden}.elementor-widget-tabs .elementor-tab-title{cursor:pointer;outline:var(--focus-outline,none)}.elementor-widget-tabs .elementor-tab-desktop-title{position:relative;padding:20px 25px;font-weight:700;line-height:1;border:solid transparent}.elementor-widget-tabs .elementor-tab-desktop-title.elementor-active{border-color:#d5d8dc}.elementor-widget-tabs .elementor-tab-desktop-title.elementor-active:after,.elementor-widget-tabs .elementor-tab-desktop-title.elementor-active:before{display:block;content:\"\";position:absolute}.elementor-widget-tabs .elementor-tab-desktop-title:focus-visible{border:1px solid #000}.elementor-widget-tabs .elementor-tab-mobile-title{padding:10px;cursor:pointer}.elementor-widget-tabs .elementor-tab-content{padding:20px;display:none}@media (max-width:767px){.elementor-tabs .elementor-tab-content,.elementor-tabs .elementor-tab-title{border-style:solid solid none}.elementor-tabs .elementor-tabs-wrapper{display:none}.elementor-tabs .elementor-tabs-content-wrapper{border-bottom-style:solid}.elementor-tabs .elementor-tab-content{padding:10px}}@media (min-width:768px){.elementor-widget-tabs.elementor-tabs-view-vertical .elementor-tabs{display:flex}.elementor-widget-tabs.elementor-tabs-view-vertical .elementor-tabs-wrapper{flex-direction:column}.elementor-widget-tabs.elementor-tabs-view-vertical .elementor-tabs-content-wrapper{flex-grow:1;border-style:solid solid solid none}.elementor-widget-tabs.elementor-tabs-view-horizontal .elementor-tab-content{border-style:none solid solid}.elementor-widget-tabs.elementor-tabs-alignment-center .elementor-tabs-wrapper,.elementor-widget-tabs.elementor-tabs-alignment-end .elementor-tabs-wrapper,.elementor-widget-tabs.elementor-tabs-alignment-stretch .elementor-tabs-wrapper{display:flex}.elementor-widget-tabs.elementor-tabs-alignment-center .elementor-tabs-wrapper{justify-content:center}.elementor-widget-tabs.elementor-tabs-alignment-end .elementor-tabs-wrapper{justify-content:flex-end}.elementor-widget-tabs.elementor-tabs-alignment-stretch.elementor-tabs-view-horizontal .elementor-tab-title{width:100%}.elementor-widget-tabs.elementor-tabs-alignment-stretch.elementor-tabs-view-vertical .elementor-tab-title{height:100%}.elementor-tabs .elementor-tab-mobile-title{display:none}}<\/style>\n<p>PLAN DE FORMACI\u00d3N<br \/>\nREQUISITOS DE ACCESO<br \/>\n\u00bf Y AL FINALIZAR MIS ESTUDIOS ?<br \/>\nHABILIDADES ADQUIRIDAS<br \/>\nSALIDAS<br \/>\nPLAN DE FORMACI\u00d3N<\/p>\n<p><strong>Los m\u00f3dulos profesionales de este ciclo formativo:<\/strong><\/p>\n<ul>\n<li>Mantenimiento mec\u00e1nico preventivo del veh\u00edculo. (99h)<\/li>\n<li>Log\u00edstica sanitaria en emergencias. (147h)<\/li>\n<li>Dotaci\u00f3n sanitaria. (132h)<\/li>\n<li>Atenci\u00f3n sanitaria inicial en situaciones de emergencia. (231h)<\/li>\n<li>Atenci\u00f3n sanitaria especial en situaciones de emergencia. (252h)<\/li>\n<li>Evacuaci\u00f3n y traslado de pacientes. (231h)<\/li>\n<li>Apoyo psicol\u00f3gico en situaciones de emergencia. (99h)<\/li>\n<li>Planes de emergencias y dispositivos de riesgos previsibles. (63h)<\/li>\n<li>Tele emergencias. (66h)<\/li>\n<li>Anatomofisiolog\u00eda y patolog\u00eda b\u00e1sicas. (99h)<\/li>\n<li>Ingl\u00e9s t\u00e9cnico. (33h)<\/li>\n<li>Formaci\u00f3n y orientaci\u00f3n laboral. (105h)<\/li>\n<li>Empresa e iniciativa emprendedora. (63h)<\/li>\n<li>Formaci\u00f3n en centros de trabajo. (380h)<\/li>\n<\/ul>\n<p>REQUISITOS DE ACCESO<\/p>\n<p><strong>El acceso a los ciclos o m\u00f3dulos de Grado Medio requiere el cumplimiento de al menos una de las siguientes condiciones:<\/strong><\/p>\n<ul>\n<li>Estar en posesi\u00f3n del t\u00edtulo de Graduado en Educaci\u00f3n Secundaria Obligatoria.<\/li>\n<li>Estar en posesi\u00f3n del t\u00edtulo Profesional B\u00e1sico.<\/li>\n<li>Estar en posesi\u00f3n del t\u00edtulo de Bachiller Superior.<\/li>\n<li>Estar en posesi\u00f3n de un t\u00edtulo universitario.<\/li>\n<li>Estar en posesi\u00f3n del t\u00edtulo de T\u00e9cnico o de T\u00e9cnico Superior de Formaci\u00f3n Profesional.<\/li>\n<li>Estar en posesi\u00f3n del t\u00edtulo de T\u00e9cnico Auxiliar.<\/li>\n<li>Estar en posesi\u00f3n de un certificado acreditativo de haber superado todas las materias de Bachillerato.<\/li>\n<li>T\u00edtulo de Graduado en Educaci\u00f3n Secundaria Obligatoria establecido conforme a la Ley Org\u00e1nica 2\/2006, de 3 de mayo, de Educaci\u00f3n.<\/li>\n<li>Estar en posesi\u00f3n del t\u00edtulo de Graduado en Educaci\u00f3n Secundaria establecido conforme a la Ley Org\u00e1nica 1\/1990, de 3 de octubre, de Ordenaci\u00f3n General del Sistema Educativo.<\/li>\n<li>Haber superado el curso de formaci\u00f3n espec\u00edfico para el acceso a ciclos de grado medio en centros p\u00fablicos o privados autorizados por la Administraci\u00f3n educativa, y tener 17 a\u00f1os cumplidos en el a\u00f1o de finalizaci\u00f3n de la prueba.<\/li>\n<li>Haber superado la prueba de acceso a ciclos formativos de grado medio o superior.<\/li>\n<li>Haber superado los m\u00f3dulos obligatorios de un Programa de Cualificaci\u00f3n Profesional Inicial con anterioridad a la implantaci\u00f3n del primer curso de los ciclos de Formaci\u00f3n Profesional B\u00e1sica.<\/li>\n<li>Haber superado los dos primeros cursos del Bachillerato Unificado y Polivalente (BUP), con un m\u00e1ximo, en conjunto, de dos materias pendientes.<\/li>\n<li>Haber superado el 2\u00ba curso del primer ciclo experimental de reforma de las ense\u00f1anzas medias.<\/li>\n<li>Haber superado el 3\u00ba curso de comunes del plan del 63, o el 2\u00ba curso de comunes experimentales, de Artes Aplicadas y Oficios Art\u00edsticos.<\/li>\n<li>Haber superado la prueba de acceso a la universidad para mayores de veinticinco a\u00f1os.<\/li>\n<li>Acreditar la posesi\u00f3n de alguna de las titulaciones equivalentes para el acceso a los ciclos formativos de grado superior establecidos en la disposici\u00f3n adicional tercera, apartado b) del Real Decreto 1147\/2011, de 29 de julio.<\/li>\n<li>Haber superado otros estudios o cursos de formaci\u00f3n declarados equivalentes a efectos acad\u00e9micos con alguno de los anteriores.<\/li>\n<li>Certificado de homologaci\u00f3n de estudios extranjeros con alguno de los t\u00edtulos relacionados anteriormente.<\/li>\n<\/ul>\n<p>\u00bf Y AL FINALIZAR MIS ESTUDIOS ?<\/p>\n<p><strong>Trabajar:<\/strong><\/p>\n<ul>\n<li>En el sector sanitario relacionado con el traslado de pacientes o<br \/>\nv\u00edctimas y la prestaci\u00f3n de atenci\u00f3n sanitaria y psicol\u00f3gica inicial,<br \/>\ncolaborando en la preparaci\u00f3n y desarrollo de la log\u00edstica sanitaria<br \/>\nante emergencias colectivas o cat\u00e1strofes, as\u00ed como participando en la<br \/>\npreparaci\u00f3n de planes de emergencia y dispositivos de riesgo previsible<br \/>\ndel \u00e1mbito de la protecci\u00f3n civil.<\/li>\n<\/ul>\n<p><strong>Seguir estudiando:<\/strong><\/p>\n<ul>\n<li>Cursos de especializaci\u00f3n profesional.<\/li>\n<li>Un ciclo de Formaci\u00f3n Profesional de Grado Superior.<\/li>\n<li>Otro ciclo de Formaci\u00f3n Profesional de Grado Medio con la<br \/>\nposibilidad de establecer convalidaciones de m\u00f3dulos profesionales de<br \/>\nacuerdo a la normativa vigente.<\/li>\n<li>El Bachillerato en cualquiera de sus modalidades.<\/li>\n<\/ul>\n<p>HABILIDADES ADQUIRIDAS<\/p>\n<p><strong>Este profesional ser\u00e1 capaz de:<\/strong><\/p>\n<ul>\n<li>Evacuar al paciente o v\u00edctima utilizando las t\u00e9cnicas de<br \/>\nmovilizaci\u00f3n e inmovilizaci\u00f3n y adecuando la conducci\u00f3n a las<br \/>\ncondiciones del mismo, para realizar un traslado seguro al centro<br \/>\nsanitario de referencia.<\/li>\n<li>Aplicar t\u00e9cnicas de soporte vital b\u00e1sico ventilatorio y circulatorio<br \/>\nen situaci\u00f3n de compromiso y de atenci\u00f3n b\u00e1sica inicial en otras<br \/>\nsituaciones de emergencia.<\/li>\n<li>Colaborar en la clasificaci\u00f3n de las v\u00edctimas en todo tipo de emergencias y cat\u00e1strofes.<\/li>\n<li>Prestar apoyo psicol\u00f3gico b\u00e1sico al paciente, familiares y afectados en situaciones de crisis y emergencias sanitarias.<\/li>\n<li>Atender la demanda de asistencia sanitaria recibida en los centros gestores de tele-operaci\u00f3n y tele-asistencia.<\/li>\n<li>Ayudar al personal m\u00e9dico y de enfermer\u00eda en la prestaci\u00f3n del<br \/>\nsoporte vital avanzado al paciente en situaciones de emergencia<br \/>\nsanitaria.<\/li>\n<li>Verificar el funcionamiento b\u00e1sico de los equipos m\u00e9dicos y medios auxiliares del veh\u00edculo sanitario.<\/li>\n<li>Controlar y reponer las existencias de material sanitario.<\/li>\n<\/ul>\n<p>Estas ense\u00f1anzas incluyen los conocimientos necesarios para llevar a cabo las actividades de nivel b\u00e1sico de prevenci\u00f3n de riesgos laborales.<\/p>\n<p>SALIDAS<\/p>\n<p><strong>Las ocupaciones y puestos de trabajo m\u00e1s relevantes son:<\/strong><\/p>\n<ul>\n<li>Transporte Sanitario.<\/li>\n<li>Emergencias Sanitarias.<\/li>\n<li>Teleasistencia.<\/li>\n<li>Centros de Coordinaci\u00f3n de Urgencias y Emergencias.<\/li>\n<\/ul>\n<style>\/*! elementor - v3.16.0 - 09-10-2023 *\/<br \/>.elementor-heading-title{padding:0;margin:0;line-height:1}.elementor-widget-heading .elementor-heading-title[class*=elementor-size-]>a{color:inherit;font-size:inherit;line-height:inherit}.elementor-widget-heading .elementor-heading-title.elementor-size-small{font-size:15px}.elementor-widget-heading .elementor-heading-title.elementor-size-medium{font-size:19px}.elementor-widget-heading .elementor-heading-title.elementor-size-large{font-size:29px}.elementor-widget-heading .elementor-heading-title.elementor-size-xl{font-size:39px}.elementor-widget-heading .elementor-heading-title.elementor-size-xxl{font-size:59px}<\/style>\n<h4>M\u00e1s informaci\u00f3n<\/h4>\n<p>* &#8211; Campos obligatorios<\/p>\n","protected":false},"excerpt":{"rendered":"<p>\u00bf Qu\u00e9 voy a aprender ? Prestar atenci\u00f3n b\u00e1sica sanitaria y psicol\u00f3gica en el entorno pre-hospitalario, trasladar al paciente al centro sanitario, llevar a cabo actividades de tele-operaci\u00f3n y tele-asistencia sanitaria, colaborar en la organizaci\u00f3n y desarrollo de los planes de emergencia de los dispositivos de riesgo previsibles y de la log\u00edstica sanitaria ante una [&hellip;]<\/p>\n","protected":false},"author":1,"featured_media":1440,"parent":1535,"menu_order":0,"comment_status":"closed","ping_status":"closed","template":"ciclos-formativos.php","meta":{"footnotes":""},"categories":[21],"class_list":["post-1705","page","type-page","status-publish","has-post-thumbnail","hentry","category-sanidad-eu"],"acf":[],"_links":{"self":[{"href":"https:\/\/www.fadura.eus\/eu\/wp-json\/wp\/v2\/pages\/1705","targetHints":{"allow":["GET"]}}],"collection":[{"href":"https:\/\/www.fadura.eus\/eu\/wp-json\/wp\/v2\/pages"}],"about":[{"href":"https:\/\/www.fadura.eus\/eu\/wp-json\/wp\/v2\/types\/page"}],"author":[{"embeddable":true,"href":"https:\/\/www.fadura.eus\/eu\/wp-json\/wp\/v2\/users\/1"}],"replies":[{"embeddable":true,"href":"https:\/\/www.fadura.eus\/eu\/wp-json\/wp\/v2\/comments?post=1705"}],"version-history":[{"count":8,"href":"https:\/\/www.fadura.eus\/eu\/wp-json\/wp\/v2\/pages\/1705\/revisions"}],"predecessor-version":[{"id":3076,"href":"https:\/\/www.fadura.eus\/eu\/wp-json\/wp\/v2\/pages\/1705\/revisions\/3076"}],"up":[{"embeddable":true,"href":"https:\/\/www.fadura.eus\/eu\/wp-json\/wp\/v2\/pages\/1535"}],"wp:featuredmedia":[{"embeddable":true,"href":"https:\/\/www.fadura.eus\/eu\/wp-json\/wp\/v2\/media\/1440"}],"wp:attachment":[{"href":"https:\/\/www.fadura.eus\/eu\/wp-json\/wp\/v2\/media?parent=1705"}],"wp:term":[{"taxonomy":"category","embeddable":true,"href":"https:\/\/www.fadura.eus\/eu\/wp-json\/wp\/v2\/categories?post=1705"}],"curies":[{"name":"wp","href":"https:\/\/api.w.org\/{rel}","templated":true}]}}