{"id":1695,"date":"2023-10-17T11:38:59","date_gmt":"2023-10-17T09:38:59","guid":{"rendered":"https:\/\/www.fadura.eus\/erdi-mailako-zikloak\/tecnico-a-en-cuidados-auxiliares-de-enfermeria-logse\/"},"modified":"2026-03-13T12:29:56","modified_gmt":"2026-03-13T10:29:56","slug":"erizaintzako-zaintza-osagarrietako-teknikaria","status":"publish","type":"page","link":"https:\/\/www.fadura.eus\/eu\/erdi-mailako-zikloak\/erizaintzako-zaintza-osagarrietako-teknikaria\/","title":{"rendered":"Erizaintzako zaintza osagarrietako teknikaria (LOGSE)"},"content":{"rendered":"<p><b>\u00bf Qu\u00e9 voy a aprender ? <\/b><\/p>\n<p>Proporcionar cuidados auxiliares al paciente\/cliente y actuar sobre las condiciones sanitarias de su entorno como miembro de un equipo de enfermer\u00eda en los centros sanitarios de atenci\u00f3n especializada y de atenci\u00f3n primaria, bajo la dependencia del diplomado de enfermer\u00eda o, en su caso, como miembro de un equipo de salud en la asistencia sanitaria derivada de la pr\u00e1ctica del ejercicio liberal, bajo la supervisi\u00f3n correspondiente.<\/p>\n<p><strong>Familia profesional:<\/strong> Sanidad &#8211; SAN<\/p>\n<p><strong>D<\/strong><b>uraci\u00f3n total:<\/b> 1400h<\/p>\n<p><strong>Modelo:<\/strong> <a href=\"https:\/\/www.fadura.eus\/index.php\/modelos-linguisticos\/\">A-D<\/a><\/p>\n<style>\/*! elementor - v3.16.0 - 09-10-2023 *\/<br \/>.elementor-widget-tabs.elementor-tabs-view-vertical .elementor-tabs-wrapper{width:25%;flex-shrink:0}.elementor-widget-tabs.elementor-tabs-view-vertical .elementor-tab-desktop-title.elementor-active{border-right-style:none}.elementor-widget-tabs.elementor-tabs-view-vertical .elementor-tab-desktop-title.elementor-active:after,.elementor-widget-tabs.elementor-tabs-view-vertical .elementor-tab-desktop-title.elementor-active:before{height:999em;width:0;right:0;border-right-style:solid}.elementor-widget-tabs.elementor-tabs-view-vertical .elementor-tab-desktop-title.elementor-active:before{top:0;transform:translateY(-100%)}.elementor-widget-tabs.elementor-tabs-view-vertical .elementor-tab-desktop-title.elementor-active:after{top:100%}.elementor-widget-tabs.elementor-tabs-view-horizontal .elementor-tab-desktop-title{display:table-cell}.elementor-widget-tabs.elementor-tabs-view-horizontal .elementor-tab-desktop-title.elementor-active{border-bottom-style:none}.elementor-widget-tabs.elementor-tabs-view-horizontal .elementor-tab-desktop-title.elementor-active:after,.elementor-widget-tabs.elementor-tabs-view-horizontal .elementor-tab-desktop-title.elementor-active:before{bottom:0;height:0;width:999em;border-bottom-style:solid}.elementor-widget-tabs.elementor-tabs-view-horizontal .elementor-tab-desktop-title.elementor-active:before{right:100%}.elementor-widget-tabs.elementor-tabs-view-horizontal .elementor-tab-desktop-title.elementor-active:after{left:100%}.elementor-widget-tabs .elementor-tab-content,.elementor-widget-tabs .elementor-tab-title,.elementor-widget-tabs .elementor-tab-title:after,.elementor-widget-tabs .elementor-tab-title:before,.elementor-widget-tabs .elementor-tabs-content-wrapper{border:1px #d5d8dc}.elementor-widget-tabs .elementor-tabs{text-align:left}.elementor-widget-tabs .elementor-tabs-wrapper{overflow:hidden}.elementor-widget-tabs .elementor-tab-title{cursor:pointer;outline:var(--focus-outline,none)}.elementor-widget-tabs .elementor-tab-desktop-title{position:relative;padding:20px 25px;font-weight:700;line-height:1;border:solid transparent}.elementor-widget-tabs .elementor-tab-desktop-title.elementor-active{border-color:#d5d8dc}.elementor-widget-tabs .elementor-tab-desktop-title.elementor-active:after,.elementor-widget-tabs .elementor-tab-desktop-title.elementor-active:before{display:block;content:\"\";position:absolute}.elementor-widget-tabs .elementor-tab-desktop-title:focus-visible{border:1px solid #000}.elementor-widget-tabs .elementor-tab-mobile-title{padding:10px;cursor:pointer}.elementor-widget-tabs .elementor-tab-content{padding:20px;display:none}@media (max-width:767px){.elementor-tabs .elementor-tab-content,.elementor-tabs .elementor-tab-title{border-style:solid solid none}.elementor-tabs .elementor-tabs-wrapper{display:none}.elementor-tabs .elementor-tabs-content-wrapper{border-bottom-style:solid}.elementor-tabs .elementor-tab-content{padding:10px}}@media (min-width:768px){.elementor-widget-tabs.elementor-tabs-view-vertical .elementor-tabs{display:flex}.elementor-widget-tabs.elementor-tabs-view-vertical .elementor-tabs-wrapper{flex-direction:column}.elementor-widget-tabs.elementor-tabs-view-vertical .elementor-tabs-content-wrapper{flex-grow:1;border-style:solid solid solid none}.elementor-widget-tabs.elementor-tabs-view-horizontal .elementor-tab-content{border-style:none solid solid}.elementor-widget-tabs.elementor-tabs-alignment-center .elementor-tabs-wrapper,.elementor-widget-tabs.elementor-tabs-alignment-end .elementor-tabs-wrapper,.elementor-widget-tabs.elementor-tabs-alignment-stretch .elementor-tabs-wrapper{display:flex}.elementor-widget-tabs.elementor-tabs-alignment-center .elementor-tabs-wrapper{justify-content:center}.elementor-widget-tabs.elementor-tabs-alignment-end .elementor-tabs-wrapper{justify-content:flex-end}.elementor-widget-tabs.elementor-tabs-alignment-stretch.elementor-tabs-view-horizontal .elementor-tab-title{width:100%}.elementor-widget-tabs.elementor-tabs-alignment-stretch.elementor-tabs-view-vertical .elementor-tab-title{height:100%}.elementor-tabs .elementor-tab-mobile-title{display:none}}<\/style>\n<p>PLAN DE FORMACI\u00d3N<br \/>\nREQUISITOS DE ACCESO<br \/>\n\u00bf Y AL FINALIZAR MIS ESTUDIOS ?<br \/>\nHABILIDADES ADQUIRIDAS<br \/>\nSALIDAS<br \/>\nPLAN DE FORMACI\u00d3N<\/p>\n<p><strong>En el centro educativo, a trav\u00e9s de una formaci\u00f3n te\u00f3rico-pr\u00e1ctica.<br \/>\nLos contenidos se agrupan en los siguientes m\u00f3dulos profesionales:<\/strong><\/p>\n<ul>\n<li>Operaciones administrativas y documentaci\u00f3n sanitaria. (60h b\u00e1sicas \u2013 80h fijas)<\/li>\n<li>T\u00e9cnicas b\u00e1sicas de enfermer\u00eda. (309h b\u00e1sicas \u2013 370h fijas)<\/li>\n<li>Higiene del medio hospitalario y limpieza del material. (175h b\u00e1sicas \u2013 210h fijas)<\/li>\n<li>Promoci\u00f3n de la salud y apoyo psicol\u00f3gico al paciente. (80h b\u00e1sicas \u2013 90h fijas)<\/li>\n<li>T\u00e9cnicas de ayuda odontol\u00f3gica\/estomatol\u00f3gica. (70h b\u00e1sicas \u2013 90h fijas)<\/li>\n<li>Relaciones en el Entorno de Trabajo (R.E.T.). (60h b\u00e1sicas \u2013 60h fijas)<\/li>\n<li>Formaci\u00f3n y Orientaci\u00f3n Laboral (F.O.L.). (60h b\u00e1sicas \u2013 60h fijas)<\/li>\n<li>Calidad y mejora continua (C.M.C.). (40h b\u00e1sicas \u2013 40h fijas)<\/li>\n<li>Formaci\u00f3n en Centros de Trabajo (F.C.T.). (336h b\u00e1sicas \u2013 400h fijas)<\/li>\n<\/ul>\n<p>REQUISITOS DE ACCESO<\/p>\n<p><strong>El acceso a los ciclos o m\u00f3dulos de Grado Medio requiere el cumplimiento de al menos una de las siguientes condiciones:<\/strong><\/p>\n<ul>\n<li>Estar en posesi\u00f3n del t\u00edtulo de Graduado en Educaci\u00f3n Secundaria Obligatoria.<\/li>\n<li>Estar en posesi\u00f3n del t\u00edtulo Profesional B\u00e1sico.<\/li>\n<li>Estar en posesi\u00f3n del t\u00edtulo de Bachiller Superior.<\/li>\n<li>Estar en posesi\u00f3n de un t\u00edtulo universitario.<\/li>\n<li>Estar en posesi\u00f3n del t\u00edtulo de T\u00e9cnico o de T\u00e9cnico Superior de Formaci\u00f3n Profesional.<\/li>\n<li>Estar en posesi\u00f3n del t\u00edtulo de T\u00e9cnico Auxiliar.<\/li>\n<li>Estar en posesi\u00f3n de un certificado acreditativo de haber superado todas las materias de Bachillerato.<\/li>\n<li>T\u00edtulo de Graduado en Educaci\u00f3n Secundaria Obligatoria establecido conforme a la Ley Org\u00e1nica 2\/2006, de 3 de mayo, de Educaci\u00f3n.<\/li>\n<li>Estar en posesi\u00f3n del t\u00edtulo de Graduado en Educaci\u00f3n Secundaria establecido conforme a la Ley Org\u00e1nica 1\/1990, de 3 de octubre, de Ordenaci\u00f3n General del Sistema Educativo.<\/li>\n<li>Haber superado el curso de formaci\u00f3n espec\u00edfico para el acceso a ciclos de grado medio en centros p\u00fablicos o privados autorizados por la Administraci\u00f3n educativa, y tener 17 a\u00f1os cumplidos en el a\u00f1o de finalizaci\u00f3n de la prueba.<\/li>\n<li>Haber superado la prueba de acceso a ciclos formativos de grado medio o superior.<\/li>\n<li>Haber superado los m\u00f3dulos obligatorios de un Programa de Cualificaci\u00f3n Profesional Inicial con anterioridad a la implantaci\u00f3n del primer curso de los ciclos de Formaci\u00f3n Profesional B\u00e1sica.<\/li>\n<li>Haber superado los dos primeros cursos del Bachillerato Unificado y Polivalente (BUP), con un m\u00e1ximo, en conjunto, de dos materias pendientes.<\/li>\n<li>Haber superado el 2\u00ba curso del primer ciclo experimental de reforma de las ense\u00f1anzas medias.<\/li>\n<li>Haber superado el 3\u00ba curso de comunes del plan del 63, o el 2\u00ba curso de comunes experimentales, de Artes Aplicadas y Oficios Art\u00edsticos.<\/li>\n<li>Haber superado la prueba de acceso a la universidad para mayores de veinticinco a\u00f1os.<\/li>\n<li>Acreditar la posesi\u00f3n de alguna de las titulaciones equivalentes para el acceso a los ciclos formativos de grado superior establecidos en la disposici\u00f3n adicional tercera, apartado b) del Real Decreto 1147\/2011, de 29 de julio.<\/li>\n<li>Haber superado otros estudios o cursos de formaci\u00f3n declarados equivalentes a efectos acad\u00e9micos con alguno de los anteriores.<\/li>\n<li>Certificado de homologaci\u00f3n de estudios extranjeros con alguno de los t\u00edtulos relacionados anteriormente.<\/li>\n<\/ul>\n<p>\u00bf Y AL FINALIZAR MIS ESTUDIOS ?<\/p>\n<p><strong>Trabajar en:<\/strong><\/p>\n<ul>\n<li>Atenci\u00f3n primaria y comunitaria: domiciliaria, promoci\u00f3n de la salud, salud bucodental, consultas y residencias de ancianos.<\/li>\n<li>Atenci\u00f3n especializada: consultas, hospitalizaci\u00f3n, urgencias, pediatr\u00eda, unidades especiales (UVI, UCI, etc.) geriatr\u00eda, etc.<\/li>\n<li>Centros sanitarios, centros balneoter\u00e1picos, departamentos de asuntos sociales de Ministerios, Comunidades Aut\u00f3nomas y Ayuntamientos.<\/li>\n<\/ul>\n<p><strong>Profesiones reguladas a las que se accede con este t\u00edtulo<\/strong><\/p>\n<ul>\n<li>T\u00e9cnico en cuidados auxiliares de enfermer\u00eda.<\/li>\n<li>Atenci\u00f3n a personas dependientes en instituciones sociales.<\/li>\n<li>Atenci\u00f3n a personas dependientes en el domicilio.<\/li>\n<\/ul>\n<p>HABILIDADES ADQUIRIDAS<\/p>\n<p><strong>Este profesional ser\u00e1 capaz de:<\/strong><\/p>\n<ul>\n<li>Preparar los materiales y procesar la informaci\u00f3n de la consulta\/unidad en las \u00e1reas de su competencia.<\/li>\n<li>Aplicar cuidados auxiliares de enfermer\u00eda al paciente\/cliente.<\/li>\n<li>Cuidar las condiciones sanitarias del entorno del paciente y del material\/instrumental sanitario utilizado en las distintas consultas\/unidades\/servicios.<\/li>\n<li>Colaborar en la prestaci\u00f3n de cuidados ps\u00edquicos al paciente\/cliente realizando, a su nivel, la aplicaci\u00f3n de t\u00e9cnicas de apoyo psicol\u00f3gico y de educaci\u00f3n sanitaria.<\/li>\n<li>Realizar tareas de instrumentaci\u00f3n en equipos de salud bucodental.<\/li>\n<\/ul>\n<p>Estas ense\u00f1anzas incluyen los conocimientos necesarios para llevar a cabo las actividades de nivel b\u00e1sico de prevenci\u00f3n de riesgos laborales.<\/p>\n<p>SALIDAS<\/p>\n<p><strong>Las ocupaciones y puestos de trabajo m\u00e1s relevantes son:<\/strong><\/p>\n<p>Ejercer mi actividad profesional en el sector sanitario en empresas privadas del sector o creando mi propia empresa.<\/p>\n<ul>\n<li>Atenci\u00f3n primaria y comunitaria: domiciliaria, promoci\u00f3n de la salud, salud bucodental, consultas y residencias de ancianos.<\/li>\n<li>Atenci\u00f3n especializada: consultas, hospitalizaci\u00f3n, urgencias, pediatr\u00eda, unidades especiales (UVI, UCI, etc.) geriatr\u00eda, etc.<\/li>\n<li>Centros sanitarios, centros balneoter\u00e1picos, departamentos de asuntos sociales de Ministerios, Comunidades Aut\u00f3nomas y Ayuntamientos.<\/li>\n<\/ul>\n<style>\/*! elementor - v3.16.0 - 09-10-2023 *\/<br \/>.elementor-heading-title{padding:0;margin:0;line-height:1}.elementor-widget-heading .elementor-heading-title[class*=elementor-size-]>a{color:inherit;font-size:inherit;line-height:inherit}.elementor-widget-heading .elementor-heading-title.elementor-size-small{font-size:15px}.elementor-widget-heading .elementor-heading-title.elementor-size-medium{font-size:19px}.elementor-widget-heading .elementor-heading-title.elementor-size-large{font-size:29px}.elementor-widget-heading .elementor-heading-title.elementor-size-xl{font-size:39px}.elementor-widget-heading .elementor-heading-title.elementor-size-xxl{font-size:59px}<\/style>\n<h4>M\u00e1s informaci\u00f3n<\/h4>\n<p>* &#8211; Campos obligatorios<\/p>\n","protected":false},"excerpt":{"rendered":"<p>\u00bf Qu\u00e9 voy a aprender ? Proporcionar cuidados auxiliares al paciente\/cliente y actuar sobre las condiciones sanitarias de su entorno como miembro de un equipo de enfermer\u00eda en los centros sanitarios de atenci\u00f3n especializada y de atenci\u00f3n primaria, bajo la dependencia del diplomado de enfermer\u00eda o, en su caso, como miembro de un equipo de [&hellip;]<\/p>\n","protected":false},"author":1,"featured_media":1431,"parent":1535,"menu_order":0,"comment_status":"closed","ping_status":"closed","template":"ciclos-formativos.php","meta":{"footnotes":""},"categories":[21],"class_list":["post-1695","page","type-page","status-publish","has-post-thumbnail","hentry","category-sanidad-eu"],"acf":[],"_links":{"self":[{"href":"https:\/\/www.fadura.eus\/eu\/wp-json\/wp\/v2\/pages\/1695","targetHints":{"allow":["GET"]}}],"collection":[{"href":"https:\/\/www.fadura.eus\/eu\/wp-json\/wp\/v2\/pages"}],"about":[{"href":"https:\/\/www.fadura.eus\/eu\/wp-json\/wp\/v2\/types\/page"}],"author":[{"embeddable":true,"href":"https:\/\/www.fadura.eus\/eu\/wp-json\/wp\/v2\/users\/1"}],"replies":[{"embeddable":true,"href":"https:\/\/www.fadura.eus\/eu\/wp-json\/wp\/v2\/comments?post=1695"}],"version-history":[{"count":6,"href":"https:\/\/www.fadura.eus\/eu\/wp-json\/wp\/v2\/pages\/1695\/revisions"}],"predecessor-version":[{"id":3073,"href":"https:\/\/www.fadura.eus\/eu\/wp-json\/wp\/v2\/pages\/1695\/revisions\/3073"}],"up":[{"embeddable":true,"href":"https:\/\/www.fadura.eus\/eu\/wp-json\/wp\/v2\/pages\/1535"}],"wp:featuredmedia":[{"embeddable":true,"href":"https:\/\/www.fadura.eus\/eu\/wp-json\/wp\/v2\/media\/1431"}],"wp:attachment":[{"href":"https:\/\/www.fadura.eus\/eu\/wp-json\/wp\/v2\/media?parent=1695"}],"wp:term":[{"taxonomy":"category","embeddable":true,"href":"https:\/\/www.fadura.eus\/eu\/wp-json\/wp\/v2\/categories?post=1695"}],"curies":[{"name":"wp","href":"https:\/\/api.w.org\/{rel}","templated":true}]}}